{"id":10823,"date":"2024-06-06T16:31:38","date_gmt":"2024-06-06T14:31:38","guid":{"rendered":"https:\/\/www.nemonic.es\/producto\/ika-2377-bambi-tejano-azul\/"},"modified":"2024-06-27T13:42:49","modified_gmt":"2024-06-27T11:42:49","slug":"ika-2377-bambi-tejano-azul","status":"publish","type":"product","link":"https:\/\/www.nemonic.es\/en\/producto\/ika-2377-bambi-tejano-azul\/","title":{"rendered":"IKA 2377 BAMBI-TEJANO AZUL"},"content":{"rendered":"<p><span style=\"font-family: orelo;\"><a href=\"https:\/\/www.moksin.com\"><span style=\"font-family: gt-america;\">\u00a0MOKSIN, SANTIAGO<\/span><\/a><\/span><\/p>\n<p><span style=\"font-family: gt-america;\"><a href=\"https:\/\/www.medinapiel.es\">MEDINA PIEL, MEDINA DE POMAR<\/a><\/span><\/p>\n<p><span style=\"font-family: gt-america;\"><a href=\"https:\/\/www.sumasmoda.com\">SUMA, NAVACERRADA<\/a><\/span><\/p>\n<p><span style=\"font-family: gt-america;\"><a href=\"https:\/\/savinatienda.com\/\">SAVINA, MORAIRA<\/a><\/span><\/p>\n<p><span style=\"font-family: gt-america;\"><a href=\"https:\/\/www.shopcandela.com\/\">CANDELA, A CORU\u00d1A<\/a><\/span><\/p>\n<p><span style=\"font-family: gt-america;\"><a href=\"https:\/\/encantoalicante.com\/tienda\/\">ENCANTO, ALICANTE<\/a><\/span><\/p>\n<p><span style=\"font-family: orelo;\"><a href=\"https:\/\/www.instagram.com\/stiletto.shop\/?hl=en\"><span style=\"font-family: gt-america;\">STILETTO, LLODIO<\/span><\/a><\/span><\/p>\n<p><span style=\"font-family: gt-america;\"><a href=\"https:\/\/www.tejanospamplona.es\/\">TEJANOS, PAMPLONA<\/a><\/span><\/p>\n<p><span style=\"font-family: gt-america;\"><a href=\"https:\/\/auraropaycomplementos.com\/\">AURA, GERNIKA<\/a><\/span><\/p>\n<p><span style=\"font-family: gt-america;\"><a href=\"https:\/\/www.koseri.com\/es\/\">K\u00d6SERI, SALAMANCA<\/a><\/span><\/p>\n<p><span style=\"font-family: gt-america;\"><a href=\"https:\/\/elbauldelartesano.com\/\">EL BA\u00daL DEL ARTESANO, MARBELLA<\/a><\/span><\/p>\n<p><span style=\"font-family: orelo;\"><a href=\"https:\/\/www.instagram.com\/calzadobelinda\/?hl=en\"><span style=\"font-family: gt-america;\">CALZADOS BELINDA, X\u00c1TIVA<\/span><\/a><\/span><\/p>\n<p><span style=\"font-family: orelo;\"><a href=\"https:\/\/www.instagram.com\/lya_bohemian\/\"><span style=\"font-family: gt-america;\">LYA BOHEMIAN, SANT FELIU DE GUIXOLS<\/span><\/a><\/span><\/p>\n<p><span style=\"font-family: orelo;\"><a href=\"https:\/\/www.cebraculture.com\"><span style=\"font-family: gt-america;\">CEBRA CULTURE, CORRALEJO FUERTEVENTURA<\/span><\/a><\/span><\/p>\n<p><span style=\"font-family: orelo;\"><a href=\"https:\/\/www.instagram.com\/maniactenerife\/?hl=en\"><span style=\"font-family: gt-america;\">MANIAC, STA. CRUZ DE TENERIFE<\/span><\/a><\/span><\/p>\n<p><span style=\"font-family: gt-america;\"><a href=\"https:\/\/www.instagram.com\/rivershop.canarias\/?hl=en\">RIVER SHOP, S. CRIST\u00d3BAL DE LA LAGUNA<\/a><\/span><\/p>\n<p><span style=\"font-family: gt-america;\"><a href=\"https:\/\/www.instagram.com\/nomad.boho\/\">NOMAD BOHO, SAINT TROPEZ, FRANCE<\/a><\/span><\/p>\n<p><span style=\"font-family: orelo;\"><a href=\"https:\/\/www.burford.co.uk\/\"><span style=\"font-family: gt-america;\">BURFORD GARDEN, BURFORD, UK<\/span><\/a><\/span><\/p>\n<p><span style=\"font-family: gt-america;\"><a href=\"https:\/\/www.sue-parkinson.com\/\">SUE PARKINSON, CIRENCESTER, UK<\/a><\/span><\/p>\n<p><span style=\"font-family: gt-america;\"><a href=\"https:\/\/www.ibizamode.nl\/en\/\">IBIZAMODE, AMSTERDAM, NETHERLANDS<\/a><\/span><\/p>\n<p><span style=\"font-family: gt-america;\"><a href=\"https:\/\/www.bottine.be\">BOTTINE, AARSCHOT, BELGIUM<\/a><\/span><\/p>\n<p>&nbsp;<\/p>\n","protected":false},"excerpt":{"rendered":"<p>\u00a0MOKSIN, SANTIAGO MEDINA PIEL, MEDINA DE POMAR SUMA, NAVACERRADA SAVINA, MORAIRA CANDELA, A CORU\u00d1A ENCANTO, ALICANTE STILETTO, LLODIO TEJANOS, PAMPLONA AURA, GERNIKA K\u00d6SERI, SALAMANCA EL BA\u00daL DEL ARTESANO, MARBELLA CALZADOS BELINDA, X\u00c1TIVA LYA BOHEMIAN, SANT FELIU DE GUIXOLS CEBRA CULTURE, CORRALEJO FUERTEVENTURA MANIAC, STA. CRUZ&#8230;<\/p>\n","protected":false},"featured_media":10824,"template":"","meta":[],"product_brand":[],"product_cat":[19,91],"product_tag":[],"class_list":{"0":"post-10823","1":"product","2":"type-product","3":"status-publish","4":"has-post-thumbnail","6":"product_cat-uncategorized","7":"product_cat-boho-chic-en","9":"first","10":"instock","11":"shipping-taxable","12":"product-type-simple"},"yoast_head":"<!-- This site is optimized with the Yoast SEO plugin v27.5 - https:\/\/yoast.com\/product\/yoast-seo-wordpress\/ -->\n<title>IKA 2377 BAMBI-TEJANO AZUL - Nemonic<\/title>\n<meta name=\"description\" content=\"Bot\u00edn Campero de Mujer en ante y tejido denim con bordados. Piso con tac\u00f3n de 3 cm\" \/>\n<meta name=\"robots\" content=\"index, follow, max-snippet:-1, max-image-preview:large, max-video-preview:-1\" \/>\n<link rel=\"canonical\" href=\"https:\/\/www.nemonic.es\/en\/producto\/ika-2377-bambi-tejano-azul\/\" \/>\n<meta property=\"og:locale\" content=\"en_US\" \/>\n<meta property=\"og:type\" content=\"article\" \/>\n<meta property=\"og:title\" content=\"IKA 2377 BAMBI-TEJANO AZUL - Nemonic\" \/>\n<meta property=\"og:description\" content=\"Bot\u00edn Campero de Mujer en ante y tejido denim con bordados. Piso con tac\u00f3n de 3 cm\" \/>\n<meta property=\"og:url\" content=\"https:\/\/www.nemonic.es\/en\/producto\/ika-2377-bambi-tejano-azul\/\" \/>\n<meta property=\"og:site_name\" content=\"Nemonic\" \/>\n<meta property=\"article:publisher\" content=\"https:\/\/facebook.com\/nemonicshoes\" \/>\n<meta property=\"article:modified_time\" content=\"2024-06-27T11:42:49+00:00\" \/>\n<meta property=\"og:image\" content=\"https:\/\/www.nemonic.es\/wp-content\/uploads\/2024\/06\/IKA-2377-VOLEY-BAMBI-TEJANO-AZUL.jpg\" \/>\n\t<meta property=\"og:image:width\" content=\"1000\" \/>\n\t<meta property=\"og:image:height\" content=\"1000\" \/>\n\t<meta property=\"og:image:type\" content=\"image\/jpeg\" \/>\n<meta name=\"twitter:card\" content=\"summary_large_image\" \/>\n<script type=\"application\/ld+json\" class=\"yoast-schema-graph\">{\"@context\":\"https:\\\/\\\/schema.org\",\"@graph\":[{\"@type\":\"WebPage\",\"@id\":\"https:\\\/\\\/www.nemonic.es\\\/en\\\/producto\\\/ika-2377-bambi-tejano-azul\\\/\",\"url\":\"https:\\\/\\\/www.nemonic.es\\\/en\\\/producto\\\/ika-2377-bambi-tejano-azul\\\/\",\"name\":\"IKA 2377 BAMBI-TEJANO AZUL - Nemonic\",\"isPartOf\":{\"@id\":\"https:\\\/\\\/www.nemonic.es\\\/en\\\/#website\"},\"primaryImageOfPage\":{\"@id\":\"https:\\\/\\\/www.nemonic.es\\\/en\\\/producto\\\/ika-2377-bambi-tejano-azul\\\/#primaryimage\"},\"image\":{\"@id\":\"https:\\\/\\\/www.nemonic.es\\\/en\\\/producto\\\/ika-2377-bambi-tejano-azul\\\/#primaryimage\"},\"thumbnailUrl\":\"https:\\\/\\\/www.nemonic.es\\\/wp-content\\\/uploads\\\/2024\\\/06\\\/IKA-2377-VOLEY-BAMBI-TEJANO-AZUL.jpg\",\"datePublished\":\"2024-06-06T14:31:38+00:00\",\"dateModified\":\"2024-06-27T11:42:49+00:00\",\"description\":\"Bot\u00edn Campero de Mujer en ante y tejido denim con bordados. Piso con tac\u00f3n de 3 cm\",\"breadcrumb\":{\"@id\":\"https:\\\/\\\/www.nemonic.es\\\/en\\\/producto\\\/ika-2377-bambi-tejano-azul\\\/#breadcrumb\"},\"inLanguage\":\"en-US\",\"potentialAction\":[{\"@type\":\"ReadAction\",\"target\":[\"https:\\\/\\\/www.nemonic.es\\\/en\\\/producto\\\/ika-2377-bambi-tejano-azul\\\/\"]}]},{\"@type\":\"ImageObject\",\"inLanguage\":\"en-US\",\"@id\":\"https:\\\/\\\/www.nemonic.es\\\/en\\\/producto\\\/ika-2377-bambi-tejano-azul\\\/#primaryimage\",\"url\":\"https:\\\/\\\/www.nemonic.es\\\/wp-content\\\/uploads\\\/2024\\\/06\\\/IKA-2377-VOLEY-BAMBI-TEJANO-AZUL.jpg\",\"contentUrl\":\"https:\\\/\\\/www.nemonic.es\\\/wp-content\\\/uploads\\\/2024\\\/06\\\/IKA-2377-VOLEY-BAMBI-TEJANO-AZUL.jpg\",\"width\":1000,\"height\":1000},{\"@type\":\"BreadcrumbList\",\"@id\":\"https:\\\/\\\/www.nemonic.es\\\/en\\\/producto\\\/ika-2377-bambi-tejano-azul\\\/#breadcrumb\",\"itemListElement\":[{\"@type\":\"ListItem\",\"position\":1,\"name\":\"Portada\",\"item\":\"https:\\\/\\\/www.nemonic.es\\\/en\\\/\"},{\"@type\":\"ListItem\",\"position\":2,\"name\":\"Shop\",\"item\":\"https:\\\/\\\/www.nemonic.es\\\/shop\\\/\"},{\"@type\":\"ListItem\",\"position\":3,\"name\":\"IKA 2377 BAMBI-TEJANO AZUL\"}]},{\"@type\":\"WebSite\",\"@id\":\"https:\\\/\\\/www.nemonic.es\\\/en\\\/#website\",\"url\":\"https:\\\/\\\/www.nemonic.es\\\/en\\\/\",\"name\":\"www.nemonic.es\",\"description\":\"Calzado de dise\u00f1o y vanguardia\",\"publisher\":{\"@id\":\"https:\\\/\\\/www.nemonic.es\\\/en\\\/#organization\"},\"potentialAction\":[{\"@type\":\"SearchAction\",\"target\":{\"@type\":\"EntryPoint\",\"urlTemplate\":\"https:\\\/\\\/www.nemonic.es\\\/en\\\/?s={search_term_string}\"},\"query-input\":{\"@type\":\"PropertyValueSpecification\",\"valueRequired\":true,\"valueName\":\"search_term_string\"}}],\"inLanguage\":\"en-US\"},{\"@type\":\"Organization\",\"@id\":\"https:\\\/\\\/www.nemonic.es\\\/en\\\/#organization\",\"name\":\"Nemonic\",\"url\":\"https:\\\/\\\/www.nemonic.es\\\/en\\\/\",\"logo\":{\"@type\":\"ImageObject\",\"inLanguage\":\"en-US\",\"@id\":\"https:\\\/\\\/www.nemonic.es\\\/en\\\/#\\\/schema\\\/logo\\\/image\\\/\",\"url\":\"https:\\\/\\\/www.nemonic.es\\\/wp-content\\\/uploads\\\/2024\\\/11\\\/logo_marron.jpg\",\"contentUrl\":\"https:\\\/\\\/www.nemonic.es\\\/wp-content\\\/uploads\\\/2024\\\/11\\\/logo_marron.jpg\",\"width\":850,\"height\":157,\"caption\":\"Nemonic\"},\"image\":{\"@id\":\"https:\\\/\\\/www.nemonic.es\\\/en\\\/#\\\/schema\\\/logo\\\/image\\\/\"},\"sameAs\":[\"https:\\\/\\\/facebook.com\\\/nemonicshoes\",\"https:\\\/\\\/instagram.com\\\/nemonic_shoes\"]}]}<\/script>\n<!-- \/ Yoast SEO plugin. -->","yoast_head_json":{"title":"IKA 2377 BAMBI-TEJANO AZUL - Nemonic","description":"Bot\u00edn Campero de Mujer en ante y tejido denim con bordados. Piso con tac\u00f3n de 3 cm","robots":{"index":"index","follow":"follow","max-snippet":"max-snippet:-1","max-image-preview":"max-image-preview:large","max-video-preview":"max-video-preview:-1"},"canonical":"https:\/\/www.nemonic.es\/en\/producto\/ika-2377-bambi-tejano-azul\/","og_locale":"en_US","og_type":"article","og_title":"IKA 2377 BAMBI-TEJANO AZUL - Nemonic","og_description":"Bot\u00edn Campero de Mujer en ante y tejido denim con bordados. Piso con tac\u00f3n de 3 cm","og_url":"https:\/\/www.nemonic.es\/en\/producto\/ika-2377-bambi-tejano-azul\/","og_site_name":"Nemonic","article_publisher":"https:\/\/facebook.com\/nemonicshoes","article_modified_time":"2024-06-27T11:42:49+00:00","og_image":[{"width":1000,"height":1000,"url":"https:\/\/www.nemonic.es\/wp-content\/uploads\/2024\/06\/IKA-2377-VOLEY-BAMBI-TEJANO-AZUL.jpg","type":"image\/jpeg"}],"twitter_card":"summary_large_image","schema":{"@context":"https:\/\/schema.org","@graph":[{"@type":"WebPage","@id":"https:\/\/www.nemonic.es\/en\/producto\/ika-2377-bambi-tejano-azul\/","url":"https:\/\/www.nemonic.es\/en\/producto\/ika-2377-bambi-tejano-azul\/","name":"IKA 2377 BAMBI-TEJANO AZUL - Nemonic","isPartOf":{"@id":"https:\/\/www.nemonic.es\/en\/#website"},"primaryImageOfPage":{"@id":"https:\/\/www.nemonic.es\/en\/producto\/ika-2377-bambi-tejano-azul\/#primaryimage"},"image":{"@id":"https:\/\/www.nemonic.es\/en\/producto\/ika-2377-bambi-tejano-azul\/#primaryimage"},"thumbnailUrl":"https:\/\/www.nemonic.es\/wp-content\/uploads\/2024\/06\/IKA-2377-VOLEY-BAMBI-TEJANO-AZUL.jpg","datePublished":"2024-06-06T14:31:38+00:00","dateModified":"2024-06-27T11:42:49+00:00","description":"Bot\u00edn Campero de Mujer en ante y tejido denim con bordados. Piso con tac\u00f3n de 3 cm","breadcrumb":{"@id":"https:\/\/www.nemonic.es\/en\/producto\/ika-2377-bambi-tejano-azul\/#breadcrumb"},"inLanguage":"en-US","potentialAction":[{"@type":"ReadAction","target":["https:\/\/www.nemonic.es\/en\/producto\/ika-2377-bambi-tejano-azul\/"]}]},{"@type":"ImageObject","inLanguage":"en-US","@id":"https:\/\/www.nemonic.es\/en\/producto\/ika-2377-bambi-tejano-azul\/#primaryimage","url":"https:\/\/www.nemonic.es\/wp-content\/uploads\/2024\/06\/IKA-2377-VOLEY-BAMBI-TEJANO-AZUL.jpg","contentUrl":"https:\/\/www.nemonic.es\/wp-content\/uploads\/2024\/06\/IKA-2377-VOLEY-BAMBI-TEJANO-AZUL.jpg","width":1000,"height":1000},{"@type":"BreadcrumbList","@id":"https:\/\/www.nemonic.es\/en\/producto\/ika-2377-bambi-tejano-azul\/#breadcrumb","itemListElement":[{"@type":"ListItem","position":1,"name":"Portada","item":"https:\/\/www.nemonic.es\/en\/"},{"@type":"ListItem","position":2,"name":"Shop","item":"https:\/\/www.nemonic.es\/shop\/"},{"@type":"ListItem","position":3,"name":"IKA 2377 BAMBI-TEJANO AZUL"}]},{"@type":"WebSite","@id":"https:\/\/www.nemonic.es\/en\/#website","url":"https:\/\/www.nemonic.es\/en\/","name":"www.nemonic.es","description":"Calzado de dise\u00f1o y vanguardia","publisher":{"@id":"https:\/\/www.nemonic.es\/en\/#organization"},"potentialAction":[{"@type":"SearchAction","target":{"@type":"EntryPoint","urlTemplate":"https:\/\/www.nemonic.es\/en\/?s={search_term_string}"},"query-input":{"@type":"PropertyValueSpecification","valueRequired":true,"valueName":"search_term_string"}}],"inLanguage":"en-US"},{"@type":"Organization","@id":"https:\/\/www.nemonic.es\/en\/#organization","name":"Nemonic","url":"https:\/\/www.nemonic.es\/en\/","logo":{"@type":"ImageObject","inLanguage":"en-US","@id":"https:\/\/www.nemonic.es\/en\/#\/schema\/logo\/image\/","url":"https:\/\/www.nemonic.es\/wp-content\/uploads\/2024\/11\/logo_marron.jpg","contentUrl":"https:\/\/www.nemonic.es\/wp-content\/uploads\/2024\/11\/logo_marron.jpg","width":850,"height":157,"caption":"Nemonic"},"image":{"@id":"https:\/\/www.nemonic.es\/en\/#\/schema\/logo\/image\/"},"sameAs":["https:\/\/facebook.com\/nemonicshoes","https:\/\/instagram.com\/nemonic_shoes"]}]}},"_links":{"self":[{"href":"https:\/\/www.nemonic.es\/en\/wp-json\/wp\/v2\/product\/10823","targetHints":{"allow":["GET"]}}],"collection":[{"href":"https:\/\/www.nemonic.es\/en\/wp-json\/wp\/v2\/product"}],"about":[{"href":"https:\/\/www.nemonic.es\/en\/wp-json\/wp\/v2\/types\/product"}],"wp:featuredmedia":[{"embeddable":true,"href":"https:\/\/www.nemonic.es\/en\/wp-json\/wp\/v2\/media\/10824"}],"wp:attachment":[{"href":"https:\/\/www.nemonic.es\/en\/wp-json\/wp\/v2\/media?parent=10823"}],"wp:term":[{"taxonomy":"product_brand","embeddable":true,"href":"https:\/\/www.nemonic.es\/en\/wp-json\/wp\/v2\/product_brand?post=10823"},{"taxonomy":"product_cat","embeddable":true,"href":"https:\/\/www.nemonic.es\/en\/wp-json\/wp\/v2\/product_cat?post=10823"},{"taxonomy":"product_tag","embeddable":true,"href":"https:\/\/www.nemonic.es\/en\/wp-json\/wp\/v2\/product_tag?post=10823"}],"curies":[{"name":"wp","href":"https:\/\/api.w.org\/{rel}","templated":true}]}}