{"id":10825,"date":"2024-06-11T20:11:02","date_gmt":"2024-06-11T18:11:02","guid":{"rendered":"https:\/\/www.nemonic.es\/producto\/bambina-2361-arrow-lazo-nude\/"},"modified":"2024-06-27T13:43:15","modified_gmt":"2024-06-27T11:43:15","slug":"bambina-2361-arrow-lazo-nude","status":"publish","type":"product","link":"https:\/\/www.nemonic.es\/en\/producto\/bambina-2361-arrow-lazo-nude\/","title":{"rendered":"BAMBINA 2361 ARROW LAZO NUDE"},"content":{"rendered":"<p><a href=\"https:\/\/www.instagram.com\/lupetegar\/\"><span style=\"font-family: gt-america;\">LUPE TEGAR, ALICANTE<\/span><\/a><\/p>\n<p><a href=\"https:\/\/www.instagram.com\/zapateria_alhambra_1879\/\"><span style=\"font-family: gt-america;\">ZAPATER\u00cdA ALHAMBRA 1879, ZAFRA<\/span><\/a><\/p>\n<p><a href=\"https:\/\/www.instagram.com\/zapateriagrisetto\/\"><span style=\"font-family: gt-america;\">ZAPATER\u00cdA GRISETTO, LE\u00d3N<\/span><\/a><\/p>\n<p><a href=\"https:\/\/www.instagram.com\/calzadossola\/\"><span style=\"font-family: gt-america;\">CALZADOS SOLA, TUDELA<\/span><\/a><\/p>\n<p><a href=\"https:\/\/www.instagram.com\/kulturextreme\/\"><span style=\"font-family: gt-america;\">KULTURE XTREM, ESTEPONA<\/span><\/a><\/p>\n<p><a href=\"https:\/\/fairemescourses.fr\/la-ciotat\/cothurne-chaussures\"><span style=\"font-family: gt-america;\">COTHURNE, LA CIOTAT, FRANCE<\/span><\/a><\/p>\n<p><a href=\"https:\/\/www.instagram.com\/clot_boutique_\/\"><span style=\"font-family: gt-america;\">CLOT, CATANIA, ITALIA<\/span><\/a><\/p>\n<p><a href=\"http:\/\/www.standpunkt-shoes.de\/\"><span style=\"font-family: gt-america;\">STANDPUNKT SHOES, WAREN, DEUTSCHLAND<\/span><\/a><\/p>\n<p>&nbsp;<\/p>\n","protected":false},"excerpt":{"rendered":"<p>LUPE TEGAR, ALICANTE ZAPATER\u00cdA ALHAMBRA 1879, ZAFRA ZAPATER\u00cdA GRISETTO, LE\u00d3N CALZADOS SOLA, TUDELA KULTURE XTREM, ESTEPONA COTHURNE, LA CIOTAT, FRANCE CLOT, CATANIA, ITALIA STANDPUNKT SHOES, WAREN, DEUTSCHLAND &nbsp;<\/p>\n","protected":false},"featured_media":10827,"template":"","meta":[],"product_brand":[],"product_cat":[19,93],"product_tag":[],"class_list":{"0":"post-10825","1":"product","2":"type-product","3":"status-publish","4":"has-post-thumbnail","6":"product_cat-uncategorized","7":"product_cat-retro-vintage-en","9":"first","10":"instock","11":"shipping-taxable","12":"product-type-simple"},"yoast_head":"<!-- This site is optimized with the Yoast SEO plugin v27.5 - https:\/\/yoast.com\/product\/yoast-seo-wordpress\/ -->\n<title>BAMBINA 2361 ARROW LAZO NUDE - Nemonic<\/title>\n<meta name=\"description\" content=\"Zapato de Mujer estilo bailarina en piel print de zig-zag blanco y negro el\u00e1stica con lazo de piel color nude. Piso plano\" \/>\n<meta name=\"robots\" content=\"index, follow, max-snippet:-1, max-image-preview:large, max-video-preview:-1\" \/>\n<link rel=\"canonical\" href=\"https:\/\/www.nemonic.es\/en\/producto\/bambina-2361-arrow-lazo-nude\/\" \/>\n<meta property=\"og:locale\" content=\"en_US\" \/>\n<meta property=\"og:type\" content=\"article\" \/>\n<meta property=\"og:title\" content=\"BAMBINA 2361 ARROW LAZO NUDE - Nemonic\" \/>\n<meta property=\"og:description\" content=\"Zapato de Mujer estilo bailarina en piel print de zig-zag blanco y negro el\u00e1stica con lazo de piel color nude. Piso plano\" \/>\n<meta property=\"og:url\" content=\"https:\/\/www.nemonic.es\/en\/producto\/bambina-2361-arrow-lazo-nude\/\" \/>\n<meta property=\"og:site_name\" content=\"Nemonic\" \/>\n<meta property=\"article:publisher\" content=\"https:\/\/facebook.com\/nemonicshoes\" \/>\n<meta property=\"article:modified_time\" content=\"2024-06-27T11:43:15+00:00\" \/>\n<meta property=\"og:image\" content=\"https:\/\/www.nemonic.es\/wp-content\/uploads\/2024\/06\/BAMBINA-2361-ARROW-LAZO-NUDE.jpg\" \/>\n\t<meta property=\"og:image:width\" content=\"1000\" \/>\n\t<meta property=\"og:image:height\" content=\"1000\" \/>\n\t<meta property=\"og:image:type\" content=\"image\/jpeg\" \/>\n<meta name=\"twitter:card\" content=\"summary_large_image\" \/>\n<script type=\"application\/ld+json\" class=\"yoast-schema-graph\">{\"@context\":\"https:\\\/\\\/schema.org\",\"@graph\":[{\"@type\":\"WebPage\",\"@id\":\"https:\\\/\\\/www.nemonic.es\\\/en\\\/producto\\\/bambina-2361-arrow-lazo-nude\\\/\",\"url\":\"https:\\\/\\\/www.nemonic.es\\\/en\\\/producto\\\/bambina-2361-arrow-lazo-nude\\\/\",\"name\":\"BAMBINA 2361 ARROW LAZO NUDE - Nemonic\",\"isPartOf\":{\"@id\":\"https:\\\/\\\/www.nemonic.es\\\/en\\\/#website\"},\"primaryImageOfPage\":{\"@id\":\"https:\\\/\\\/www.nemonic.es\\\/en\\\/producto\\\/bambina-2361-arrow-lazo-nude\\\/#primaryimage\"},\"image\":{\"@id\":\"https:\\\/\\\/www.nemonic.es\\\/en\\\/producto\\\/bambina-2361-arrow-lazo-nude\\\/#primaryimage\"},\"thumbnailUrl\":\"https:\\\/\\\/www.nemonic.es\\\/wp-content\\\/uploads\\\/2024\\\/06\\\/BAMBINA-2361-ARROW-LAZO-NUDE.jpg\",\"datePublished\":\"2024-06-11T18:11:02+00:00\",\"dateModified\":\"2024-06-27T11:43:15+00:00\",\"description\":\"Zapato de Mujer estilo bailarina en piel print de zig-zag blanco y negro el\u00e1stica con lazo de piel color nude. Piso plano\",\"breadcrumb\":{\"@id\":\"https:\\\/\\\/www.nemonic.es\\\/en\\\/producto\\\/bambina-2361-arrow-lazo-nude\\\/#breadcrumb\"},\"inLanguage\":\"en-US\",\"potentialAction\":[{\"@type\":\"ReadAction\",\"target\":[\"https:\\\/\\\/www.nemonic.es\\\/en\\\/producto\\\/bambina-2361-arrow-lazo-nude\\\/\"]}]},{\"@type\":\"ImageObject\",\"inLanguage\":\"en-US\",\"@id\":\"https:\\\/\\\/www.nemonic.es\\\/en\\\/producto\\\/bambina-2361-arrow-lazo-nude\\\/#primaryimage\",\"url\":\"https:\\\/\\\/www.nemonic.es\\\/wp-content\\\/uploads\\\/2024\\\/06\\\/BAMBINA-2361-ARROW-LAZO-NUDE.jpg\",\"contentUrl\":\"https:\\\/\\\/www.nemonic.es\\\/wp-content\\\/uploads\\\/2024\\\/06\\\/BAMBINA-2361-ARROW-LAZO-NUDE.jpg\",\"width\":1000,\"height\":1000},{\"@type\":\"BreadcrumbList\",\"@id\":\"https:\\\/\\\/www.nemonic.es\\\/en\\\/producto\\\/bambina-2361-arrow-lazo-nude\\\/#breadcrumb\",\"itemListElement\":[{\"@type\":\"ListItem\",\"position\":1,\"name\":\"Portada\",\"item\":\"https:\\\/\\\/www.nemonic.es\\\/en\\\/\"},{\"@type\":\"ListItem\",\"position\":2,\"name\":\"Shop\",\"item\":\"https:\\\/\\\/www.nemonic.es\\\/shop\\\/\"},{\"@type\":\"ListItem\",\"position\":3,\"name\":\"BAMBINA 2361 ARROW LAZO NUDE\"}]},{\"@type\":\"WebSite\",\"@id\":\"https:\\\/\\\/www.nemonic.es\\\/en\\\/#website\",\"url\":\"https:\\\/\\\/www.nemonic.es\\\/en\\\/\",\"name\":\"www.nemonic.es\",\"description\":\"Calzado de dise\u00f1o y vanguardia\",\"publisher\":{\"@id\":\"https:\\\/\\\/www.nemonic.es\\\/en\\\/#organization\"},\"potentialAction\":[{\"@type\":\"SearchAction\",\"target\":{\"@type\":\"EntryPoint\",\"urlTemplate\":\"https:\\\/\\\/www.nemonic.es\\\/en\\\/?s={search_term_string}\"},\"query-input\":{\"@type\":\"PropertyValueSpecification\",\"valueRequired\":true,\"valueName\":\"search_term_string\"}}],\"inLanguage\":\"en-US\"},{\"@type\":\"Organization\",\"@id\":\"https:\\\/\\\/www.nemonic.es\\\/en\\\/#organization\",\"name\":\"Nemonic\",\"url\":\"https:\\\/\\\/www.nemonic.es\\\/en\\\/\",\"logo\":{\"@type\":\"ImageObject\",\"inLanguage\":\"en-US\",\"@id\":\"https:\\\/\\\/www.nemonic.es\\\/en\\\/#\\\/schema\\\/logo\\\/image\\\/\",\"url\":\"https:\\\/\\\/www.nemonic.es\\\/wp-content\\\/uploads\\\/2024\\\/11\\\/logo_marron.jpg\",\"contentUrl\":\"https:\\\/\\\/www.nemonic.es\\\/wp-content\\\/uploads\\\/2024\\\/11\\\/logo_marron.jpg\",\"width\":850,\"height\":157,\"caption\":\"Nemonic\"},\"image\":{\"@id\":\"https:\\\/\\\/www.nemonic.es\\\/en\\\/#\\\/schema\\\/logo\\\/image\\\/\"},\"sameAs\":[\"https:\\\/\\\/facebook.com\\\/nemonicshoes\",\"https:\\\/\\\/instagram.com\\\/nemonic_shoes\"]}]}<\/script>\n<!-- \/ Yoast SEO plugin. -->","yoast_head_json":{"title":"BAMBINA 2361 ARROW LAZO NUDE - Nemonic","description":"Zapato de Mujer estilo bailarina en piel print de zig-zag blanco y negro el\u00e1stica con lazo de piel color nude. Piso plano","robots":{"index":"index","follow":"follow","max-snippet":"max-snippet:-1","max-image-preview":"max-image-preview:large","max-video-preview":"max-video-preview:-1"},"canonical":"https:\/\/www.nemonic.es\/en\/producto\/bambina-2361-arrow-lazo-nude\/","og_locale":"en_US","og_type":"article","og_title":"BAMBINA 2361 ARROW LAZO NUDE - Nemonic","og_description":"Zapato de Mujer estilo bailarina en piel print de zig-zag blanco y negro el\u00e1stica con lazo de piel color nude. Piso plano","og_url":"https:\/\/www.nemonic.es\/en\/producto\/bambina-2361-arrow-lazo-nude\/","og_site_name":"Nemonic","article_publisher":"https:\/\/facebook.com\/nemonicshoes","article_modified_time":"2024-06-27T11:43:15+00:00","og_image":[{"width":1000,"height":1000,"url":"https:\/\/www.nemonic.es\/wp-content\/uploads\/2024\/06\/BAMBINA-2361-ARROW-LAZO-NUDE.jpg","type":"image\/jpeg"}],"twitter_card":"summary_large_image","schema":{"@context":"https:\/\/schema.org","@graph":[{"@type":"WebPage","@id":"https:\/\/www.nemonic.es\/en\/producto\/bambina-2361-arrow-lazo-nude\/","url":"https:\/\/www.nemonic.es\/en\/producto\/bambina-2361-arrow-lazo-nude\/","name":"BAMBINA 2361 ARROW LAZO NUDE - Nemonic","isPartOf":{"@id":"https:\/\/www.nemonic.es\/en\/#website"},"primaryImageOfPage":{"@id":"https:\/\/www.nemonic.es\/en\/producto\/bambina-2361-arrow-lazo-nude\/#primaryimage"},"image":{"@id":"https:\/\/www.nemonic.es\/en\/producto\/bambina-2361-arrow-lazo-nude\/#primaryimage"},"thumbnailUrl":"https:\/\/www.nemonic.es\/wp-content\/uploads\/2024\/06\/BAMBINA-2361-ARROW-LAZO-NUDE.jpg","datePublished":"2024-06-11T18:11:02+00:00","dateModified":"2024-06-27T11:43:15+00:00","description":"Zapato de Mujer estilo bailarina en piel print de zig-zag blanco y negro el\u00e1stica con lazo de piel color nude. Piso plano","breadcrumb":{"@id":"https:\/\/www.nemonic.es\/en\/producto\/bambina-2361-arrow-lazo-nude\/#breadcrumb"},"inLanguage":"en-US","potentialAction":[{"@type":"ReadAction","target":["https:\/\/www.nemonic.es\/en\/producto\/bambina-2361-arrow-lazo-nude\/"]}]},{"@type":"ImageObject","inLanguage":"en-US","@id":"https:\/\/www.nemonic.es\/en\/producto\/bambina-2361-arrow-lazo-nude\/#primaryimage","url":"https:\/\/www.nemonic.es\/wp-content\/uploads\/2024\/06\/BAMBINA-2361-ARROW-LAZO-NUDE.jpg","contentUrl":"https:\/\/www.nemonic.es\/wp-content\/uploads\/2024\/06\/BAMBINA-2361-ARROW-LAZO-NUDE.jpg","width":1000,"height":1000},{"@type":"BreadcrumbList","@id":"https:\/\/www.nemonic.es\/en\/producto\/bambina-2361-arrow-lazo-nude\/#breadcrumb","itemListElement":[{"@type":"ListItem","position":1,"name":"Portada","item":"https:\/\/www.nemonic.es\/en\/"},{"@type":"ListItem","position":2,"name":"Shop","item":"https:\/\/www.nemonic.es\/shop\/"},{"@type":"ListItem","position":3,"name":"BAMBINA 2361 ARROW LAZO NUDE"}]},{"@type":"WebSite","@id":"https:\/\/www.nemonic.es\/en\/#website","url":"https:\/\/www.nemonic.es\/en\/","name":"www.nemonic.es","description":"Calzado de dise\u00f1o y vanguardia","publisher":{"@id":"https:\/\/www.nemonic.es\/en\/#organization"},"potentialAction":[{"@type":"SearchAction","target":{"@type":"EntryPoint","urlTemplate":"https:\/\/www.nemonic.es\/en\/?s={search_term_string}"},"query-input":{"@type":"PropertyValueSpecification","valueRequired":true,"valueName":"search_term_string"}}],"inLanguage":"en-US"},{"@type":"Organization","@id":"https:\/\/www.nemonic.es\/en\/#organization","name":"Nemonic","url":"https:\/\/www.nemonic.es\/en\/","logo":{"@type":"ImageObject","inLanguage":"en-US","@id":"https:\/\/www.nemonic.es\/en\/#\/schema\/logo\/image\/","url":"https:\/\/www.nemonic.es\/wp-content\/uploads\/2024\/11\/logo_marron.jpg","contentUrl":"https:\/\/www.nemonic.es\/wp-content\/uploads\/2024\/11\/logo_marron.jpg","width":850,"height":157,"caption":"Nemonic"},"image":{"@id":"https:\/\/www.nemonic.es\/en\/#\/schema\/logo\/image\/"},"sameAs":["https:\/\/facebook.com\/nemonicshoes","https:\/\/instagram.com\/nemonic_shoes"]}]}},"_links":{"self":[{"href":"https:\/\/www.nemonic.es\/en\/wp-json\/wp\/v2\/product\/10825","targetHints":{"allow":["GET"]}}],"collection":[{"href":"https:\/\/www.nemonic.es\/en\/wp-json\/wp\/v2\/product"}],"about":[{"href":"https:\/\/www.nemonic.es\/en\/wp-json\/wp\/v2\/types\/product"}],"wp:featuredmedia":[{"embeddable":true,"href":"https:\/\/www.nemonic.es\/en\/wp-json\/wp\/v2\/media\/10827"}],"wp:attachment":[{"href":"https:\/\/www.nemonic.es\/en\/wp-json\/wp\/v2\/media?parent=10825"}],"wp:term":[{"taxonomy":"product_brand","embeddable":true,"href":"https:\/\/www.nemonic.es\/en\/wp-json\/wp\/v2\/product_brand?post=10825"},{"taxonomy":"product_cat","embeddable":true,"href":"https:\/\/www.nemonic.es\/en\/wp-json\/wp\/v2\/product_cat?post=10825"},{"taxonomy":"product_tag","embeddable":true,"href":"https:\/\/www.nemonic.es\/en\/wp-json\/wp\/v2\/product_tag?post=10825"}],"curies":[{"name":"wp","href":"https:\/\/api.w.org\/{rel}","templated":true}]}}