{"id":10838,"date":"2024-06-05T17:52:41","date_gmt":"2024-06-05T15:52:41","guid":{"rendered":"https:\/\/www.nemonic.es\/producto\/atlanta-2382-blanco-oro\/"},"modified":"2024-06-27T13:42:10","modified_gmt":"2024-06-27T11:42:10","slug":"atlanta-2382-blanco-oro","status":"publish","type":"product","link":"https:\/\/www.nemonic.es\/en\/producto\/atlanta-2382-blanco-oro\/","title":{"rendered":"ATLANTA 2382 BLANCO-ORO"},"content":{"rendered":"<p><span style=\"font-family: gt-america;\"><a href=\"https:\/\/www.moksin.com\">\u00a0<\/a><a href=\"https:\/\/www.medinapiel.es\">MEDINA PIEL, MEDINA DE POMAR<\/a><\/span><\/p>\n<p><span style=\"font-family: gt-america;\"><a href=\"https:\/\/www.startarashop.com\/\">STARTARA SHOP, ROQUETAS DE MAR<\/a><\/span><\/p>\n<p><span style=\"font-family: gt-america;\"><a href=\"https:\/\/www.monicaalbert.com\">M\u00d3NICA ALBERT, VALLADOLID<\/a><\/span><\/p>\n<p><span style=\"font-family: gt-america;\"><a href=\"https:\/\/encantoalicante.com\/tienda\/\">ENCANTO, ALICANTE<\/a><\/span><\/p>\n<p><span style=\"font-family: gt-america;\"><a href=\"https:\/\/www.sylan.es\/es\">SYLAN, SAN SEBASTI\u00c1N<\/a><\/span><\/p>\n<p><span style=\"font-family: gt-america;\"><a href=\"https:\/\/misenriquetas.com\/tienda\/\">MIS ENRIQUETAS, VILANOVA I LA GELTR\u00da<\/a><\/span><\/p>\n<p><span style=\"font-family: gt-america;\"><a href=\"https:\/\/sitgetana.shoes\/\">SITGETANA, TARRAGONA<\/a><\/span><\/p>\n<p><span style=\"font-family: gt-america;\"><a href=\"https:\/\/auraropaycomplementos.com\/\">AURA, GERNIKA<\/a><\/span><\/p>\n<p><span style=\"font-family: gt-america;\"><a href=\"https:\/\/bambalinascloset.com\/\">BAMBALINAS CLOSET, ALDAIA<\/a><\/span><\/p>\n<p><span style=\"font-family: gt-america;\"><a href=\"https:\/\/ciudadellastyle.es\/\">CIUDADELLA STYLE, VITORIA<\/a><\/span><\/p>\n<p><span style=\"font-family: gt-america;\"><a href=\"https:\/\/www.instagram.com\/explore\/locations\/1589129991406162\/pura-tarifa\/\">PURA, TARIFA<\/a><\/span><\/p>\n<p><span style=\"font-family: gt-america;\"><a href=\"https:\/\/elbauldelartesano.com\/\">EL BA\u00daL DEL ARTESANO, MARBELLA<\/a><\/span><\/p>\n<p><span style=\"font-family: gt-america;\"><a href=\"https:\/\/www.instagram.com\/rainbow_tolosa\/\">RAINBOW, TOLOSA<\/a><\/span><\/p>\n<p><span style=\"font-family: gt-america;\"><a href=\"https:\/\/www.instagram.com\/nekanefraga\/?hl=en\">NEKANE, FRAGA<\/a><\/span><\/p>\n<p><span style=\"font-family: gt-america;\"><a href=\"https:\/\/www.instagram.com\/bottozapateria\/\">BOTTO, CALAHORRA<\/a><\/span><\/p>\n<p><span style=\"font-family: gt-america;\"><a href=\"https:\/\/www.gemasalcedo.es\/\">GEMA SALCEDO, BOADILLA DEL MONTE<\/a><\/span><\/p>\n<p><span style=\"font-family: gt-america;\"><a href=\"https:\/\/www.instagram.com\/setdisset_calafell\/?hl=en\">SETDISSET, CALAFELL<\/a><\/span><\/p>\n<p><span style=\"font-family: gt-america;\"><a href=\"https:\/\/www.instagram.com\/jesuslovesyouibiza\/?hl=en\">JES\u00daS LOVES YOU, IBIZA<\/a><\/span><\/p>\n<p><span style=\"font-family: gt-america;\"><a href=\"https:\/\/www.instagram.com\/helgashoes\/\">HELGA SHOES, ALMU\u00d1\u00c9CAR<\/a><\/span><\/p>\n<p><span style=\"font-family: gt-america;\"><a href=\"https:\/\/www.instagram.com\/kulturextreme\/\">KULTURE XTREME, ESTEPONA<\/a><\/span><\/p>\n<p><span style=\"font-family: gt-america;\"><a href=\"https:\/\/www.boeties.nl\/\">BOETIES, EINDHOVEN, NETHERLANDS<\/a><\/span><\/p>\n<p><span style=\"font-family: gt-america;\"><a href=\"https:\/\/www.ibizamode.nl\/en\/\">IBIZAMODE, AMSTERDAM, NETHERLANDS<\/a><\/span><\/p>\n<p>&nbsp;<\/p>\n","protected":false},"excerpt":{"rendered":"<p>\u00a0MEDINA PIEL, MEDINA DE POMAR STARTARA SHOP, ROQUETAS DE MAR M\u00d3NICA ALBERT, VALLADOLID ENCANTO, ALICANTE SYLAN, SAN SEBASTI\u00c1N MIS ENRIQUETAS, VILANOVA I LA GELTR\u00da SITGETANA, TARRAGONA AURA, GERNIKA BAMBALINAS CLOSET, ALDAIA CIUDADELLA STYLE, VITORIA PURA, TARIFA EL BA\u00daL DEL ARTESANO, MARBELLA RAINBOW, TOLOSA NEKANE, FRAGA&#8230;<\/p>\n","protected":false},"featured_media":11212,"template":"","meta":[],"product_brand":[],"product_cat":[91],"product_tag":[],"class_list":{"0":"post-10838","1":"product","2":"type-product","3":"status-publish","4":"has-post-thumbnail","6":"product_cat-boho-chic-en","8":"first","9":"instock","10":"shipping-taxable","11":"product-type-simple"},"yoast_head":"<!-- This site is optimized with the Yoast SEO plugin v27.5 - https:\/\/yoast.com\/product\/yoast-seo-wordpress\/ -->\n<title>ATLANTA 2382 BLANCO-ORO - Nemonic<\/title>\n<meta name=\"description\" content=\"Bota Cowboy de Mujer de ca\u00f1a alta en piel blanca con bordados Oro. Piso con tac\u00f3n de 5 cm\" \/>\n<meta name=\"robots\" content=\"index, follow, max-snippet:-1, max-image-preview:large, max-video-preview:-1\" \/>\n<link rel=\"canonical\" href=\"https:\/\/www.nemonic.es\/en\/producto\/atlanta-2382-blanco-oro\/\" \/>\n<meta property=\"og:locale\" content=\"en_US\" \/>\n<meta property=\"og:type\" content=\"article\" \/>\n<meta property=\"og:title\" content=\"ATLANTA 2382 BLANCO-ORO - Nemonic\" \/>\n<meta property=\"og:description\" content=\"Bota Cowboy de Mujer de ca\u00f1a alta en piel blanca con bordados Oro. Piso con tac\u00f3n de 5 cm\" \/>\n<meta property=\"og:url\" content=\"https:\/\/www.nemonic.es\/en\/producto\/atlanta-2382-blanco-oro\/\" \/>\n<meta property=\"og:site_name\" content=\"Nemonic\" \/>\n<meta property=\"article:publisher\" content=\"https:\/\/facebook.com\/nemonicshoes\" \/>\n<meta property=\"article:modified_time\" content=\"2024-06-27T11:42:10+00:00\" \/>\n<meta property=\"og:image\" content=\"https:\/\/www.nemonic.es\/wp-content\/uploads\/2024\/06\/ATLANTA-2382-IBIZA-HIELO-PLATINO.jpg\" \/>\n\t<meta property=\"og:image:width\" content=\"1000\" \/>\n\t<meta property=\"og:image:height\" content=\"1000\" \/>\n\t<meta property=\"og:image:type\" content=\"image\/jpeg\" \/>\n<meta name=\"twitter:card\" content=\"summary_large_image\" \/>\n<script type=\"application\/ld+json\" class=\"yoast-schema-graph\">{\"@context\":\"https:\\\/\\\/schema.org\",\"@graph\":[{\"@type\":\"WebPage\",\"@id\":\"https:\\\/\\\/www.nemonic.es\\\/en\\\/producto\\\/atlanta-2382-blanco-oro\\\/\",\"url\":\"https:\\\/\\\/www.nemonic.es\\\/en\\\/producto\\\/atlanta-2382-blanco-oro\\\/\",\"name\":\"ATLANTA 2382 BLANCO-ORO - Nemonic\",\"isPartOf\":{\"@id\":\"https:\\\/\\\/www.nemonic.es\\\/en\\\/#website\"},\"primaryImageOfPage\":{\"@id\":\"https:\\\/\\\/www.nemonic.es\\\/en\\\/producto\\\/atlanta-2382-blanco-oro\\\/#primaryimage\"},\"image\":{\"@id\":\"https:\\\/\\\/www.nemonic.es\\\/en\\\/producto\\\/atlanta-2382-blanco-oro\\\/#primaryimage\"},\"thumbnailUrl\":\"https:\\\/\\\/www.nemonic.es\\\/wp-content\\\/uploads\\\/2024\\\/06\\\/ATLANTA-2382-ACUARIO-SALVAJE-NEGRO.jpg\",\"datePublished\":\"2024-06-05T15:52:41+00:00\",\"dateModified\":\"2024-06-27T11:42:10+00:00\",\"description\":\"Bota Cowboy de Mujer de ca\u00f1a alta en piel blanca con bordados Oro. Piso con tac\u00f3n de 5 cm\",\"breadcrumb\":{\"@id\":\"https:\\\/\\\/www.nemonic.es\\\/en\\\/producto\\\/atlanta-2382-blanco-oro\\\/#breadcrumb\"},\"inLanguage\":\"en-US\",\"potentialAction\":[{\"@type\":\"ReadAction\",\"target\":[\"https:\\\/\\\/www.nemonic.es\\\/en\\\/producto\\\/atlanta-2382-blanco-oro\\\/\"]}]},{\"@type\":\"ImageObject\",\"inLanguage\":\"en-US\",\"@id\":\"https:\\\/\\\/www.nemonic.es\\\/en\\\/producto\\\/atlanta-2382-blanco-oro\\\/#primaryimage\",\"url\":\"https:\\\/\\\/www.nemonic.es\\\/wp-content\\\/uploads\\\/2024\\\/06\\\/ATLANTA-2382-ACUARIO-SALVAJE-NEGRO.jpg\",\"contentUrl\":\"https:\\\/\\\/www.nemonic.es\\\/wp-content\\\/uploads\\\/2024\\\/06\\\/ATLANTA-2382-ACUARIO-SALVAJE-NEGRO.jpg\",\"width\":1000,\"height\":1000},{\"@type\":\"BreadcrumbList\",\"@id\":\"https:\\\/\\\/www.nemonic.es\\\/en\\\/producto\\\/atlanta-2382-blanco-oro\\\/#breadcrumb\",\"itemListElement\":[{\"@type\":\"ListItem\",\"position\":1,\"name\":\"Portada\",\"item\":\"https:\\\/\\\/www.nemonic.es\\\/en\\\/\"},{\"@type\":\"ListItem\",\"position\":2,\"name\":\"Shop\",\"item\":\"https:\\\/\\\/www.nemonic.es\\\/shop\\\/\"},{\"@type\":\"ListItem\",\"position\":3,\"name\":\"ATLANTA 2382 BLANCO-ORO\"}]},{\"@type\":\"WebSite\",\"@id\":\"https:\\\/\\\/www.nemonic.es\\\/en\\\/#website\",\"url\":\"https:\\\/\\\/www.nemonic.es\\\/en\\\/\",\"name\":\"www.nemonic.es\",\"description\":\"Calzado de dise\u00f1o y vanguardia\",\"publisher\":{\"@id\":\"https:\\\/\\\/www.nemonic.es\\\/en\\\/#organization\"},\"potentialAction\":[{\"@type\":\"SearchAction\",\"target\":{\"@type\":\"EntryPoint\",\"urlTemplate\":\"https:\\\/\\\/www.nemonic.es\\\/en\\\/?s={search_term_string}\"},\"query-input\":{\"@type\":\"PropertyValueSpecification\",\"valueRequired\":true,\"valueName\":\"search_term_string\"}}],\"inLanguage\":\"en-US\"},{\"@type\":\"Organization\",\"@id\":\"https:\\\/\\\/www.nemonic.es\\\/en\\\/#organization\",\"name\":\"Nemonic\",\"url\":\"https:\\\/\\\/www.nemonic.es\\\/en\\\/\",\"logo\":{\"@type\":\"ImageObject\",\"inLanguage\":\"en-US\",\"@id\":\"https:\\\/\\\/www.nemonic.es\\\/en\\\/#\\\/schema\\\/logo\\\/image\\\/\",\"url\":\"https:\\\/\\\/www.nemonic.es\\\/wp-content\\\/uploads\\\/2024\\\/11\\\/logo_marron.jpg\",\"contentUrl\":\"https:\\\/\\\/www.nemonic.es\\\/wp-content\\\/uploads\\\/2024\\\/11\\\/logo_marron.jpg\",\"width\":850,\"height\":157,\"caption\":\"Nemonic\"},\"image\":{\"@id\":\"https:\\\/\\\/www.nemonic.es\\\/en\\\/#\\\/schema\\\/logo\\\/image\\\/\"},\"sameAs\":[\"https:\\\/\\\/facebook.com\\\/nemonicshoes\",\"https:\\\/\\\/instagram.com\\\/nemonic_shoes\"]}]}<\/script>\n<!-- \/ Yoast SEO plugin. -->","yoast_head_json":{"title":"ATLANTA 2382 BLANCO-ORO - Nemonic","description":"Bota Cowboy de Mujer de ca\u00f1a alta en piel blanca con bordados Oro. Piso con tac\u00f3n de 5 cm","robots":{"index":"index","follow":"follow","max-snippet":"max-snippet:-1","max-image-preview":"max-image-preview:large","max-video-preview":"max-video-preview:-1"},"canonical":"https:\/\/www.nemonic.es\/en\/producto\/atlanta-2382-blanco-oro\/","og_locale":"en_US","og_type":"article","og_title":"ATLANTA 2382 BLANCO-ORO - Nemonic","og_description":"Bota Cowboy de Mujer de ca\u00f1a alta en piel blanca con bordados Oro. Piso con tac\u00f3n de 5 cm","og_url":"https:\/\/www.nemonic.es\/en\/producto\/atlanta-2382-blanco-oro\/","og_site_name":"Nemonic","article_publisher":"https:\/\/facebook.com\/nemonicshoes","article_modified_time":"2024-06-27T11:42:10+00:00","og_image":[{"width":1000,"height":1000,"url":"https:\/\/www.nemonic.es\/wp-content\/uploads\/2024\/06\/ATLANTA-2382-IBIZA-HIELO-PLATINO.jpg","type":"image\/jpeg"}],"twitter_card":"summary_large_image","schema":{"@context":"https:\/\/schema.org","@graph":[{"@type":"WebPage","@id":"https:\/\/www.nemonic.es\/en\/producto\/atlanta-2382-blanco-oro\/","url":"https:\/\/www.nemonic.es\/en\/producto\/atlanta-2382-blanco-oro\/","name":"ATLANTA 2382 BLANCO-ORO - Nemonic","isPartOf":{"@id":"https:\/\/www.nemonic.es\/en\/#website"},"primaryImageOfPage":{"@id":"https:\/\/www.nemonic.es\/en\/producto\/atlanta-2382-blanco-oro\/#primaryimage"},"image":{"@id":"https:\/\/www.nemonic.es\/en\/producto\/atlanta-2382-blanco-oro\/#primaryimage"},"thumbnailUrl":"https:\/\/www.nemonic.es\/wp-content\/uploads\/2024\/06\/ATLANTA-2382-ACUARIO-SALVAJE-NEGRO.jpg","datePublished":"2024-06-05T15:52:41+00:00","dateModified":"2024-06-27T11:42:10+00:00","description":"Bota Cowboy de Mujer de ca\u00f1a alta en piel blanca con bordados Oro. Piso con tac\u00f3n de 5 cm","breadcrumb":{"@id":"https:\/\/www.nemonic.es\/en\/producto\/atlanta-2382-blanco-oro\/#breadcrumb"},"inLanguage":"en-US","potentialAction":[{"@type":"ReadAction","target":["https:\/\/www.nemonic.es\/en\/producto\/atlanta-2382-blanco-oro\/"]}]},{"@type":"ImageObject","inLanguage":"en-US","@id":"https:\/\/www.nemonic.es\/en\/producto\/atlanta-2382-blanco-oro\/#primaryimage","url":"https:\/\/www.nemonic.es\/wp-content\/uploads\/2024\/06\/ATLANTA-2382-ACUARIO-SALVAJE-NEGRO.jpg","contentUrl":"https:\/\/www.nemonic.es\/wp-content\/uploads\/2024\/06\/ATLANTA-2382-ACUARIO-SALVAJE-NEGRO.jpg","width":1000,"height":1000},{"@type":"BreadcrumbList","@id":"https:\/\/www.nemonic.es\/en\/producto\/atlanta-2382-blanco-oro\/#breadcrumb","itemListElement":[{"@type":"ListItem","position":1,"name":"Portada","item":"https:\/\/www.nemonic.es\/en\/"},{"@type":"ListItem","position":2,"name":"Shop","item":"https:\/\/www.nemonic.es\/shop\/"},{"@type":"ListItem","position":3,"name":"ATLANTA 2382 BLANCO-ORO"}]},{"@type":"WebSite","@id":"https:\/\/www.nemonic.es\/en\/#website","url":"https:\/\/www.nemonic.es\/en\/","name":"www.nemonic.es","description":"Calzado de dise\u00f1o y vanguardia","publisher":{"@id":"https:\/\/www.nemonic.es\/en\/#organization"},"potentialAction":[{"@type":"SearchAction","target":{"@type":"EntryPoint","urlTemplate":"https:\/\/www.nemonic.es\/en\/?s={search_term_string}"},"query-input":{"@type":"PropertyValueSpecification","valueRequired":true,"valueName":"search_term_string"}}],"inLanguage":"en-US"},{"@type":"Organization","@id":"https:\/\/www.nemonic.es\/en\/#organization","name":"Nemonic","url":"https:\/\/www.nemonic.es\/en\/","logo":{"@type":"ImageObject","inLanguage":"en-US","@id":"https:\/\/www.nemonic.es\/en\/#\/schema\/logo\/image\/","url":"https:\/\/www.nemonic.es\/wp-content\/uploads\/2024\/11\/logo_marron.jpg","contentUrl":"https:\/\/www.nemonic.es\/wp-content\/uploads\/2024\/11\/logo_marron.jpg","width":850,"height":157,"caption":"Nemonic"},"image":{"@id":"https:\/\/www.nemonic.es\/en\/#\/schema\/logo\/image\/"},"sameAs":["https:\/\/facebook.com\/nemonicshoes","https:\/\/instagram.com\/nemonic_shoes"]}]}},"_links":{"self":[{"href":"https:\/\/www.nemonic.es\/en\/wp-json\/wp\/v2\/product\/10838","targetHints":{"allow":["GET"]}}],"collection":[{"href":"https:\/\/www.nemonic.es\/en\/wp-json\/wp\/v2\/product"}],"about":[{"href":"https:\/\/www.nemonic.es\/en\/wp-json\/wp\/v2\/types\/product"}],"wp:featuredmedia":[{"embeddable":true,"href":"https:\/\/www.nemonic.es\/en\/wp-json\/wp\/v2\/media\/11212"}],"wp:attachment":[{"href":"https:\/\/www.nemonic.es\/en\/wp-json\/wp\/v2\/media?parent=10838"}],"wp:term":[{"taxonomy":"product_brand","embeddable":true,"href":"https:\/\/www.nemonic.es\/en\/wp-json\/wp\/v2\/product_brand?post=10838"},{"taxonomy":"product_cat","embeddable":true,"href":"https:\/\/www.nemonic.es\/en\/wp-json\/wp\/v2\/product_cat?post=10838"},{"taxonomy":"product_tag","embeddable":true,"href":"https:\/\/www.nemonic.es\/en\/wp-json\/wp\/v2\/product_tag?post=10838"}],"curies":[{"name":"wp","href":"https:\/\/api.w.org\/{rel}","templated":true}]}}