{"id":10842,"date":"2024-06-05T17:01:13","date_gmt":"2024-06-05T15:01:13","guid":{"rendered":"https:\/\/www.nemonic.es\/producto\/atlanta-2353-oro-tejano-azul\/"},"modified":"2024-06-27T13:42:02","modified_gmt":"2024-06-27T11:42:02","slug":"atlanta-2353-oro-tejano-azul","status":"publish","type":"product","link":"https:\/\/www.nemonic.es\/en\/producto\/atlanta-2353-oro-tejano-azul\/","title":{"rendered":"ATLANTA 2353 ORO-TEJANO AZUL"},"content":{"rendered":"<p><span style=\"font-family: gt-america;\"><a href=\"https:\/\/www.moksin.com\/\">MOKSIN, SANTIAGO COMPOSTELA<\/a><\/span><\/p>\n<p><span style=\"font-family: gt-america;\"><a href=\"https:\/\/www.medinapiel.es\">MEDINA PIEL, MEDINA DE POMAR<\/a><\/span><\/p>\n<p><span style=\"font-family: gt-america;\"><a href=\"https:\/\/foxteronline.com\/\">FOXTER, BILBAO<\/a><\/span><\/p>\n<p><span style=\"font-family: gt-america;\"><a href=\"https:\/\/sumasmoda.com\/\">SUMA, NAVACERRADA<\/a><\/span><\/p>\n<p><span style=\"font-family: gt-america;\"><a href=\"https:\/\/www.zacaris.com\">SITGETANA, LLEIDA<\/a><\/span><\/p>\n<p><span style=\"font-family: gt-america;\"><a href=\"https:\/\/www.munne1941.com\/\">MUNN\u00c9, SANT VICEN\u00c7 DELS HORTS<\/a><\/span><\/p>\n<p><span style=\"font-family: gt-america;\"><a href=\"https:\/\/www.shopvolcano.com\/\">VOLCANO, GIJ\u00d3N<\/a><\/span><\/p>\n<p><span style=\"font-family: gt-america;\"><a href=\"https:\/\/misenriquetas.com\">MIS ENRIQUETAS, VILANOVA I LA GELTR\u00da<\/a><\/span><\/p>\n<p><span style=\"font-family: gt-america;\"><a href=\"https:\/\/www.missjulietta.com\/\">MISS JULIETTA, BARCELONA<\/a><\/span><\/p>\n<p><span style=\"font-family: gt-america;\"><a href=\"https:\/\/encantoalicante.com\/tienda\/\">ENCANTO, ALICANTE<\/a><\/span><\/p>\n<p><span style=\"font-family: gt-america;\"><a href=\"https:\/\/www.zapingmoda.com\">ZAPING MODA JOVEN, LA FELGUERA<\/a><\/span><\/p>\n<p><span style=\"font-family: gt-america;\"><a href=\"https:\/\/www.calzadosunanue.com\/\">UNANUE, VITORIA<\/a><\/span><\/p>\n<p><span style=\"font-family: gt-america;\"><a href=\"https:\/\/www.shopcandela.com\/\">CANDELA, A CORU\u00d1A<\/a><\/span><\/p>\n<p><span style=\"font-family: gt-america;\"><a href=\"https:\/\/www.ravenapiel.es\/\">R\u00c1VENA PIEL, AVIL\u00c9S<\/a><\/span><\/p>\n<p><span style=\"font-family: gt-america;\"><a href=\"https:\/\/www.progressabateries.com\/inicio\/\">PROGR\u00c9S SABATERIES, TERRASSA<\/a><\/span><\/p>\n<p><span style=\"font-family: gt-america;\"><a href=\"https:\/\/www.albozapaterias.com\">ALBO ZAPATER\u00cdAS, VIVEIRO<\/a><\/span><\/p>\n<p><span style=\"font-family: gt-america;\"><a href=\"https:\/\/www.koseri.com\/es\/\">K\u00d6SERI, SALAMANCA<\/a><\/span><\/p>\n<p><span style=\"font-family: gt-america;\"><a href=\"https:\/\/www.gemasalcedo.es\/\">GEMA SALCEDO, BOADILLA DEL MONTE<\/a><\/span><\/p>\n<p><span style=\"font-family: gt-america;\"><a href=\"https:\/\/sabatersribalta.cat\/shop\/\">RIBALTA SABATERS, SOLSONA<\/a><\/span><\/p>\n<p><span style=\"font-family: gt-america;\"><a href=\"https:\/\/www.instagram.com\/stiletto.moda\/\">STILETTO, LLODIO<\/a><\/span><\/p>\n<p><span style=\"font-family: gt-america;\"><a href=\"https:\/\/www.instagram.com\/adrianacalzadotorrelavega\/\">ADRIANA, TORRELAVEGA<\/a><\/span><\/p>\n<p><span style=\"font-family: gt-america;\"><a href=\"https:\/\/ola\u00f1eta.com\/\">OLA\u00d1ETA, BILBAO<\/a><\/span><\/p>\n<p><span style=\"font-family: gt-america;\"><a href=\"https:\/\/maugecampo.com\/\">MAUGE CAMPO, SAN SEBASTI\u00c1N<\/a><\/span><\/p>\n<p><span style=\"font-family: gt-america;\"><a href=\"https:\/\/www.instagram.com\/qvot.zapateria\/?hl=en\">QVOT, A CORU\u00d1A<\/a><\/span><\/p>\n<p><span style=\"font-family: gt-america;\"><a href=\"https:\/\/www.yedrabarakaldo.es\/\">YEDRA, BARAKALDO<\/a><\/span><\/p>\n<p><span style=\"font-family: gt-america;\"><a href=\"https:\/\/www.instagram.com\/bottozapateria\/\">BOTTO, CALAHORRA<\/a><\/span><\/p>\n<p><span style=\"font-family: gt-america;\"><a href=\"https:\/\/friendsnshop.com\/\">FRIENDS, BURGOS<\/a><\/span><\/p>\n<p><span style=\"font-family: gt-america;\"><a href=\"https:\/\/www.boeties.nl\/\">BOETIES, EINDHOVEN, NETHERLANDS<\/a><\/span><\/p>\n<p><span style=\"font-family: gt-america;\"><a href=\"https:\/\/www.pesdeseda.pt\/\">PES DE SEDA, PONTE DE LIMA, PORTUGAL<\/a><\/span><\/p>\n<p>&nbsp;<\/p>\n<p>&nbsp;<\/p>\n","protected":false},"excerpt":{"rendered":"<p>MOKSIN, SANTIAGO COMPOSTELA MEDINA PIEL, MEDINA DE POMAR FOXTER, BILBAO SUMA, NAVACERRADA SITGETANA, LLEIDA MUNN\u00c9, SANT VICEN\u00c7 DELS HORTS VOLCANO, GIJ\u00d3N MIS ENRIQUETAS, VILANOVA I LA GELTR\u00da MISS JULIETTA, BARCELONA ENCANTO, ALICANTE ZAPING MODA JOVEN, LA FELGUERA UNANUE, VITORIA CANDELA, A CORU\u00d1A R\u00c1VENA PIEL, AVIL\u00c9S&#8230;<\/p>\n","protected":false},"featured_media":11192,"template":"","meta":[],"product_brand":[],"product_cat":[91],"product_tag":[],"class_list":{"0":"post-10842","1":"product","2":"type-product","3":"status-publish","4":"has-post-thumbnail","6":"product_cat-boho-chic-en","8":"first","9":"instock","10":"shipping-taxable","11":"product-type-simple"},"yoast_head":"<!-- This site is optimized with the Yoast SEO plugin v27.5 - https:\/\/yoast.com\/product\/yoast-seo-wordpress\/ -->\n<title>ATLANTA 2353 ORO-TEJANO AZUL - Nemonic<\/title>\n<meta name=\"description\" content=\"Bot\u00edn Cowboy de Mujer en piel metalizada y tejido denim. Piso con tac\u00f3n de 5 cm\" \/>\n<meta name=\"robots\" content=\"index, follow, max-snippet:-1, max-image-preview:large, max-video-preview:-1\" \/>\n<link rel=\"canonical\" href=\"https:\/\/www.nemonic.es\/en\/producto\/atlanta-2353-oro-tejano-azul\/\" \/>\n<meta property=\"og:locale\" content=\"en_US\" \/>\n<meta property=\"og:type\" content=\"article\" \/>\n<meta property=\"og:title\" content=\"ATLANTA 2353 ORO-TEJANO AZUL - Nemonic\" \/>\n<meta property=\"og:description\" content=\"Bot\u00edn Cowboy de Mujer en piel metalizada y tejido denim. Piso con tac\u00f3n de 5 cm\" \/>\n<meta property=\"og:url\" content=\"https:\/\/www.nemonic.es\/en\/producto\/atlanta-2353-oro-tejano-azul\/\" \/>\n<meta property=\"og:site_name\" content=\"Nemonic\" \/>\n<meta property=\"article:publisher\" content=\"https:\/\/facebook.com\/nemonicshoes\" \/>\n<meta property=\"article:modified_time\" content=\"2024-06-27T11:42:02+00:00\" \/>\n<meta property=\"og:image\" content=\"https:\/\/www.nemonic.es\/wp-content\/uploads\/2024\/05\/15-200x300.jpg\" \/>\n<meta name=\"twitter:card\" content=\"summary_large_image\" \/>\n<meta name=\"twitter:label1\" content=\"Est. reading time\" \/>\n\t<meta name=\"twitter:data1\" content=\"1 minute\" \/>\n<script type=\"application\/ld+json\" class=\"yoast-schema-graph\">{\"@context\":\"https:\\\/\\\/schema.org\",\"@graph\":[{\"@type\":\"WebPage\",\"@id\":\"https:\\\/\\\/www.nemonic.es\\\/en\\\/producto\\\/atlanta-2353-oro-tejano-azul\\\/\",\"url\":\"https:\\\/\\\/www.nemonic.es\\\/en\\\/producto\\\/atlanta-2353-oro-tejano-azul\\\/\",\"name\":\"ATLANTA 2353 ORO-TEJANO AZUL - Nemonic\",\"isPartOf\":{\"@id\":\"https:\\\/\\\/www.nemonic.es\\\/en\\\/#website\"},\"primaryImageOfPage\":{\"@id\":\"https:\\\/\\\/www.nemonic.es\\\/en\\\/producto\\\/atlanta-2353-oro-tejano-azul\\\/#primaryimage\"},\"image\":{\"@id\":\"https:\\\/\\\/www.nemonic.es\\\/en\\\/producto\\\/atlanta-2353-oro-tejano-azul\\\/#primaryimage\"},\"thumbnailUrl\":\"https:\\\/\\\/www.nemonic.es\\\/wp-content\\\/uploads\\\/2024\\\/06\\\/ATLANTA-2273-GRASS-KAKI.jpg\",\"datePublished\":\"2024-06-05T15:01:13+00:00\",\"dateModified\":\"2024-06-27T11:42:02+00:00\",\"description\":\"Bot\u00edn Cowboy de Mujer en piel metalizada y tejido denim. Piso con tac\u00f3n de 5 cm\",\"breadcrumb\":{\"@id\":\"https:\\\/\\\/www.nemonic.es\\\/en\\\/producto\\\/atlanta-2353-oro-tejano-azul\\\/#breadcrumb\"},\"inLanguage\":\"en-US\",\"potentialAction\":[{\"@type\":\"ReadAction\",\"target\":[\"https:\\\/\\\/www.nemonic.es\\\/en\\\/producto\\\/atlanta-2353-oro-tejano-azul\\\/\"]}]},{\"@type\":\"ImageObject\",\"inLanguage\":\"en-US\",\"@id\":\"https:\\\/\\\/www.nemonic.es\\\/en\\\/producto\\\/atlanta-2353-oro-tejano-azul\\\/#primaryimage\",\"url\":\"https:\\\/\\\/www.nemonic.es\\\/wp-content\\\/uploads\\\/2024\\\/06\\\/ATLANTA-2273-GRASS-KAKI.jpg\",\"contentUrl\":\"https:\\\/\\\/www.nemonic.es\\\/wp-content\\\/uploads\\\/2024\\\/06\\\/ATLANTA-2273-GRASS-KAKI.jpg\",\"width\":1000,\"height\":1000},{\"@type\":\"BreadcrumbList\",\"@id\":\"https:\\\/\\\/www.nemonic.es\\\/en\\\/producto\\\/atlanta-2353-oro-tejano-azul\\\/#breadcrumb\",\"itemListElement\":[{\"@type\":\"ListItem\",\"position\":1,\"name\":\"Portada\",\"item\":\"https:\\\/\\\/www.nemonic.es\\\/en\\\/\"},{\"@type\":\"ListItem\",\"position\":2,\"name\":\"Shop\",\"item\":\"https:\\\/\\\/www.nemonic.es\\\/shop\\\/\"},{\"@type\":\"ListItem\",\"position\":3,\"name\":\"ATLANTA 2353 ORO-TEJANO AZUL\"}]},{\"@type\":\"WebSite\",\"@id\":\"https:\\\/\\\/www.nemonic.es\\\/en\\\/#website\",\"url\":\"https:\\\/\\\/www.nemonic.es\\\/en\\\/\",\"name\":\"www.nemonic.es\",\"description\":\"Calzado de dise\u00f1o y vanguardia\",\"publisher\":{\"@id\":\"https:\\\/\\\/www.nemonic.es\\\/en\\\/#organization\"},\"potentialAction\":[{\"@type\":\"SearchAction\",\"target\":{\"@type\":\"EntryPoint\",\"urlTemplate\":\"https:\\\/\\\/www.nemonic.es\\\/en\\\/?s={search_term_string}\"},\"query-input\":{\"@type\":\"PropertyValueSpecification\",\"valueRequired\":true,\"valueName\":\"search_term_string\"}}],\"inLanguage\":\"en-US\"},{\"@type\":\"Organization\",\"@id\":\"https:\\\/\\\/www.nemonic.es\\\/en\\\/#organization\",\"name\":\"Nemonic\",\"url\":\"https:\\\/\\\/www.nemonic.es\\\/en\\\/\",\"logo\":{\"@type\":\"ImageObject\",\"inLanguage\":\"en-US\",\"@id\":\"https:\\\/\\\/www.nemonic.es\\\/en\\\/#\\\/schema\\\/logo\\\/image\\\/\",\"url\":\"https:\\\/\\\/www.nemonic.es\\\/wp-content\\\/uploads\\\/2024\\\/11\\\/logo_marron.jpg\",\"contentUrl\":\"https:\\\/\\\/www.nemonic.es\\\/wp-content\\\/uploads\\\/2024\\\/11\\\/logo_marron.jpg\",\"width\":850,\"height\":157,\"caption\":\"Nemonic\"},\"image\":{\"@id\":\"https:\\\/\\\/www.nemonic.es\\\/en\\\/#\\\/schema\\\/logo\\\/image\\\/\"},\"sameAs\":[\"https:\\\/\\\/facebook.com\\\/nemonicshoes\",\"https:\\\/\\\/instagram.com\\\/nemonic_shoes\"]}]}<\/script>\n<!-- \/ Yoast SEO plugin. -->","yoast_head_json":{"title":"ATLANTA 2353 ORO-TEJANO AZUL - Nemonic","description":"Bot\u00edn Cowboy de Mujer en piel metalizada y tejido denim. Piso con tac\u00f3n de 5 cm","robots":{"index":"index","follow":"follow","max-snippet":"max-snippet:-1","max-image-preview":"max-image-preview:large","max-video-preview":"max-video-preview:-1"},"canonical":"https:\/\/www.nemonic.es\/en\/producto\/atlanta-2353-oro-tejano-azul\/","og_locale":"en_US","og_type":"article","og_title":"ATLANTA 2353 ORO-TEJANO AZUL - Nemonic","og_description":"Bot\u00edn Cowboy de Mujer en piel metalizada y tejido denim. Piso con tac\u00f3n de 5 cm","og_url":"https:\/\/www.nemonic.es\/en\/producto\/atlanta-2353-oro-tejano-azul\/","og_site_name":"Nemonic","article_publisher":"https:\/\/facebook.com\/nemonicshoes","article_modified_time":"2024-06-27T11:42:02+00:00","og_image":[{"url":"https:\/\/www.nemonic.es\/wp-content\/uploads\/2024\/05\/15-200x300.jpg","type":"","width":"","height":""}],"twitter_card":"summary_large_image","twitter_misc":{"Est. reading time":"1 minute"},"schema":{"@context":"https:\/\/schema.org","@graph":[{"@type":"WebPage","@id":"https:\/\/www.nemonic.es\/en\/producto\/atlanta-2353-oro-tejano-azul\/","url":"https:\/\/www.nemonic.es\/en\/producto\/atlanta-2353-oro-tejano-azul\/","name":"ATLANTA 2353 ORO-TEJANO AZUL - Nemonic","isPartOf":{"@id":"https:\/\/www.nemonic.es\/en\/#website"},"primaryImageOfPage":{"@id":"https:\/\/www.nemonic.es\/en\/producto\/atlanta-2353-oro-tejano-azul\/#primaryimage"},"image":{"@id":"https:\/\/www.nemonic.es\/en\/producto\/atlanta-2353-oro-tejano-azul\/#primaryimage"},"thumbnailUrl":"https:\/\/www.nemonic.es\/wp-content\/uploads\/2024\/06\/ATLANTA-2273-GRASS-KAKI.jpg","datePublished":"2024-06-05T15:01:13+00:00","dateModified":"2024-06-27T11:42:02+00:00","description":"Bot\u00edn Cowboy de Mujer en piel metalizada y tejido denim. Piso con tac\u00f3n de 5 cm","breadcrumb":{"@id":"https:\/\/www.nemonic.es\/en\/producto\/atlanta-2353-oro-tejano-azul\/#breadcrumb"},"inLanguage":"en-US","potentialAction":[{"@type":"ReadAction","target":["https:\/\/www.nemonic.es\/en\/producto\/atlanta-2353-oro-tejano-azul\/"]}]},{"@type":"ImageObject","inLanguage":"en-US","@id":"https:\/\/www.nemonic.es\/en\/producto\/atlanta-2353-oro-tejano-azul\/#primaryimage","url":"https:\/\/www.nemonic.es\/wp-content\/uploads\/2024\/06\/ATLANTA-2273-GRASS-KAKI.jpg","contentUrl":"https:\/\/www.nemonic.es\/wp-content\/uploads\/2024\/06\/ATLANTA-2273-GRASS-KAKI.jpg","width":1000,"height":1000},{"@type":"BreadcrumbList","@id":"https:\/\/www.nemonic.es\/en\/producto\/atlanta-2353-oro-tejano-azul\/#breadcrumb","itemListElement":[{"@type":"ListItem","position":1,"name":"Portada","item":"https:\/\/www.nemonic.es\/en\/"},{"@type":"ListItem","position":2,"name":"Shop","item":"https:\/\/www.nemonic.es\/shop\/"},{"@type":"ListItem","position":3,"name":"ATLANTA 2353 ORO-TEJANO AZUL"}]},{"@type":"WebSite","@id":"https:\/\/www.nemonic.es\/en\/#website","url":"https:\/\/www.nemonic.es\/en\/","name":"www.nemonic.es","description":"Calzado de dise\u00f1o y vanguardia","publisher":{"@id":"https:\/\/www.nemonic.es\/en\/#organization"},"potentialAction":[{"@type":"SearchAction","target":{"@type":"EntryPoint","urlTemplate":"https:\/\/www.nemonic.es\/en\/?s={search_term_string}"},"query-input":{"@type":"PropertyValueSpecification","valueRequired":true,"valueName":"search_term_string"}}],"inLanguage":"en-US"},{"@type":"Organization","@id":"https:\/\/www.nemonic.es\/en\/#organization","name":"Nemonic","url":"https:\/\/www.nemonic.es\/en\/","logo":{"@type":"ImageObject","inLanguage":"en-US","@id":"https:\/\/www.nemonic.es\/en\/#\/schema\/logo\/image\/","url":"https:\/\/www.nemonic.es\/wp-content\/uploads\/2024\/11\/logo_marron.jpg","contentUrl":"https:\/\/www.nemonic.es\/wp-content\/uploads\/2024\/11\/logo_marron.jpg","width":850,"height":157,"caption":"Nemonic"},"image":{"@id":"https:\/\/www.nemonic.es\/en\/#\/schema\/logo\/image\/"},"sameAs":["https:\/\/facebook.com\/nemonicshoes","https:\/\/instagram.com\/nemonic_shoes"]}]}},"_links":{"self":[{"href":"https:\/\/www.nemonic.es\/en\/wp-json\/wp\/v2\/product\/10842","targetHints":{"allow":["GET"]}}],"collection":[{"href":"https:\/\/www.nemonic.es\/en\/wp-json\/wp\/v2\/product"}],"about":[{"href":"https:\/\/www.nemonic.es\/en\/wp-json\/wp\/v2\/types\/product"}],"wp:featuredmedia":[{"embeddable":true,"href":"https:\/\/www.nemonic.es\/en\/wp-json\/wp\/v2\/media\/11192"}],"wp:attachment":[{"href":"https:\/\/www.nemonic.es\/en\/wp-json\/wp\/v2\/media?parent=10842"}],"wp:term":[{"taxonomy":"product_brand","embeddable":true,"href":"https:\/\/www.nemonic.es\/en\/wp-json\/wp\/v2\/product_brand?post=10842"},{"taxonomy":"product_cat","embeddable":true,"href":"https:\/\/www.nemonic.es\/en\/wp-json\/wp\/v2\/product_cat?post=10842"},{"taxonomy":"product_tag","embeddable":true,"href":"https:\/\/www.nemonic.es\/en\/wp-json\/wp\/v2\/product_tag?post=10842"}],"curies":[{"name":"wp","href":"https:\/\/api.w.org\/{rel}","templated":true}]}}