{"id":10844,"date":"2024-06-05T11:53:39","date_gmt":"2024-06-05T09:53:39","guid":{"rendered":"https:\/\/www.nemonic.es\/producto\/kansas-2381-glitter-hielo-tejano-azul\/"},"modified":"2024-06-27T13:41:58","modified_gmt":"2024-06-27T11:41:58","slug":"kansas-2381-glitter-hielo-tejano-azul","status":"publish","type":"product","link":"https:\/\/www.nemonic.es\/en\/producto\/kansas-2381-glitter-hielo-tejano-azul\/","title":{"rendered":"KANSAS 2381 GLITTER HIELO TEJANO AZUL"},"content":{"rendered":"<p><a href=\"https:\/\/www.moksin.com\"><span style=\"font-family: gt-america;\">\u00a0MOKSIN, SANTIAGO<\/span><\/a><\/p>\n<p><span style=\"font-family: gt-america;\"><a href=\"https:\/\/www.medinapiel.es\">MEDINA PIEL, MEDINA DE POMAR<\/a><\/span><\/p>\n<p><span style=\"font-family: gt-america;\"><a href=\"https:\/\/www.sumasmoda.com\">SUMA, NAVACERRADA<\/a><\/span><\/p>\n<p><span style=\"font-family: gt-america;\"><a href=\"https:\/\/www.monicaalbert.com\">M\u00d3NICA ALBERT, VALLADOLID<\/a><\/span><\/p>\n<p><span style=\"font-family: gt-america;\"><a href=\"https:\/\/www.shopvolcano.com\/\">VOLCANO, GIJ\u00d3N<\/a><\/span><\/p>\n<p><span style=\"font-family: gt-america;\"><a href=\"https:\/\/encantoalicante.com\/tienda\/\">ENCANTO, ALICANTE<\/a><\/span><\/p>\n<p><span style=\"font-family: gt-america;\"><a href=\"https:\/\/alaiamoda.es\/\">ALAIA, VALENCIA<\/a><\/span><\/p>\n<p><span style=\"font-family: gt-america;\"><a href=\"https:\/\/samsaraboutique.es\/\">SAMSARA BOUTIQUE, VALENCIA<\/a><\/span><\/p>\n<p><span style=\"font-family: gt-america;\"><a href=\"https:\/\/bambalinascloset.com\/\">BAMBALINAS CLOSET, ALDAIA<\/a><\/span><\/p>\n<p><span style=\"font-family: gt-america;\"><a href=\"https:\/\/auraropaycomplementos.com\/\">AURA, GERNIKA<\/a><\/span><\/p>\n<p><span style=\"font-family: gt-america;\"><a href=\"https:\/\/www.koseri.com\/es\/\">K\u00d6SERI, SALAMANCA<\/a><\/span><\/p>\n<p><span style=\"font-family: gt-america;\"><a href=\"https:\/\/www.albozapaterias.com\">ALBO ZAPATER\u00cdAS, VIVEIRO<\/a><\/span><\/p>\n<p><span style=\"font-family: gt-america;\"><a href=\"https:\/\/www.galalookshop.com\/\">GALA LOOK, PONFERRADA<\/a><\/span><\/p>\n<p><span style=\"font-family: gt-america;\"><a href=\"https:\/\/www.progressabateries.com\/inicio\/\">PROGR\u00c9S SABATERIES, TERRASSA<\/a><\/span><\/p>\n<p><span style=\"font-family: gt-america;\"><a href=\"https:\/\/elvestidordechloe.com\">EL VESTIDOR DE CHLO\u00c9, LAL\u00cdN<\/a><\/span><\/p>\n<p><span style=\"font-family: gt-america;\"><a href=\"https:\/\/ola\u00f1eta.com\/\">OLA\u00d1ETA, BILBAO<\/a><\/span><\/p>\n<p><span style=\"font-family: gt-america;\"><a href=\"https:\/\/www.instagram.com\/bizzcambrils\/?hl=en\">BIZZ SABATES, CAMBRILS<\/a><\/span><\/p>\n<p><span style=\"font-family: gt-america;\"><a href=\"https:\/\/www.instagram.com\/explore\/locations\/1589129991406162\/pura-tarifa\/\">PURA, TARIFA<\/a><\/span><\/p>\n<p><span style=\"font-family: gt-america;\"><a href=\"https:\/\/elbauldelartesano.com\/\">EL BA\u00daL DEL ARTESANO, MARBELLA<\/a><\/span><\/p>\n<p><span style=\"font-family: gt-america;\"><a href=\"https:\/\/pasajeroyal.es\/\">PASAJE ROYAL, VALLADOLID<\/a><\/span><\/p>\n<p><span style=\"font-family: gt-america;\"><a href=\"https:\/\/www.instagram.com\/iconsantander\/\">ICON, SANTANDER<\/a><\/span><\/p>\n<p><span style=\"font-family: gt-america;\"><a href=\"https:\/\/sabatersribalta.cat\/shop\/\">RIBALTA SABATERS, SOLSONA<\/a><\/span><\/p>\n<p><span style=\"font-family: gt-america;\"><a href=\"https:\/\/www.gemasalcedo.es\/\">GEMA SALCEDO, BOADILLA DEL MONTE<\/a><\/span><\/p>\n<p><span style=\"font-family: gt-america;\"><a href=\"https:\/\/www.instagram.com\/sacpalmashop\/?hl=en\">SAC, PALMA DE MALLORCA<\/a><\/span><\/p>\n<p><span style=\"font-family: gt-america;\"><a href=\"https:\/\/www.instagram.com\/rivershop.canarias\/?hl=en\">RIVER SHOP, S. CRIST\u00d3BAL DE LA LAGUNA<\/a><\/span><\/p>\n<p><span style=\"font-family: gt-america;\"><a href=\"https:\/\/www.instagram.com\/jesuslovesyouibiza\/?hl=en\">JES\u00daS LOVES YOU, IBIZA<\/a><\/span><\/p>\n<p><span style=\"font-family: gt-america;\"><a href=\"https:\/\/www.instagram.com\/helgashoes\/\">HELGA SHOES, ALMU\u00d1\u00c9CAR<\/a><\/span><\/p>\n<p><span style=\"font-family: gt-america;\"><a href=\"https:\/\/www.boeties.nl\/\">BOETIES, EINDHOVEN, NETHERLANDS<\/a><\/span><\/p>\n<p><span style=\"font-family: gt-america;\"><a href=\"https:\/\/www.ibizamode.nl\/en\/\">IBIZAMODE, AMSTERDAM, NETHERLANDS<\/a><\/span><\/p>\n<p>&nbsp;<\/p>\n","protected":false},"excerpt":{"rendered":"<p>\u00a0MOKSIN, SANTIAGO MEDINA PIEL, MEDINA DE POMAR SUMA, NAVACERRADA M\u00d3NICA ALBERT, VALLADOLID VOLCANO, GIJ\u00d3N ENCANTO, ALICANTE ALAIA, VALENCIA SAMSARA BOUTIQUE, VALENCIA BAMBALINAS CLOSET, ALDAIA AURA, GERNIKA K\u00d6SERI, SALAMANCA ALBO ZAPATER\u00cdAS, VIVEIRO GALA LOOK, PONFERRADA PROGR\u00c9S SABATERIES, TERRASSA EL VESTIDOR DE CHLO\u00c9, LAL\u00cdN OLA\u00d1ETA, BILBAO BIZZ&#8230;<\/p>\n","protected":false},"featured_media":11209,"template":"","meta":[],"product_brand":[],"product_cat":[91],"product_tag":[],"class_list":{"0":"post-10844","1":"product","2":"type-product","3":"status-publish","4":"has-post-thumbnail","6":"product_cat-boho-chic-en","8":"first","9":"instock","10":"shipping-taxable","11":"product-type-simple"},"yoast_head":"<!-- This site is optimized with the Yoast SEO plugin v27.5 - https:\/\/yoast.com\/product\/yoast-seo-wordpress\/ -->\n<title>KANSAS 2381 GLITTER HIELO TEJANO AZUL - Nemonic<\/title>\n<meta name=\"description\" content=\"Bota Cowboy de Mujer de ca\u00f1a alta en piel metalizada y tejido denim. Piso con tac\u00f3n de 5 cm\" \/>\n<meta name=\"robots\" content=\"index, follow, max-snippet:-1, max-image-preview:large, max-video-preview:-1\" \/>\n<link rel=\"canonical\" href=\"https:\/\/www.nemonic.es\/en\/producto\/kansas-2381-glitter-hielo-tejano-azul\/\" \/>\n<meta property=\"og:locale\" content=\"en_US\" \/>\n<meta property=\"og:type\" content=\"article\" \/>\n<meta property=\"og:title\" content=\"KANSAS 2381 GLITTER HIELO TEJANO AZUL - Nemonic\" \/>\n<meta property=\"og:description\" content=\"Bota Cowboy de Mujer de ca\u00f1a alta en piel metalizada y tejido denim. Piso con tac\u00f3n de 5 cm\" \/>\n<meta property=\"og:url\" content=\"https:\/\/www.nemonic.es\/en\/producto\/kansas-2381-glitter-hielo-tejano-azul\/\" \/>\n<meta property=\"og:site_name\" content=\"Nemonic\" \/>\n<meta property=\"article:publisher\" content=\"https:\/\/facebook.com\/nemonicshoes\" \/>\n<meta property=\"article:modified_time\" content=\"2024-06-27T11:41:58+00:00\" \/>\n<meta property=\"og:image\" content=\"https:\/\/www.nemonic.es\/wp-content\/uploads\/2024\/05\/14-200x300.jpg\" \/>\n<meta name=\"twitter:card\" content=\"summary_large_image\" \/>\n<meta name=\"twitter:label1\" content=\"Est. reading time\" \/>\n\t<meta name=\"twitter:data1\" content=\"1 minute\" \/>\n<script type=\"application\/ld+json\" class=\"yoast-schema-graph\">{\"@context\":\"https:\\\/\\\/schema.org\",\"@graph\":[{\"@type\":\"WebPage\",\"@id\":\"https:\\\/\\\/www.nemonic.es\\\/en\\\/producto\\\/kansas-2381-glitter-hielo-tejano-azul\\\/\",\"url\":\"https:\\\/\\\/www.nemonic.es\\\/en\\\/producto\\\/kansas-2381-glitter-hielo-tejano-azul\\\/\",\"name\":\"KANSAS 2381 GLITTER HIELO TEJANO AZUL - Nemonic\",\"isPartOf\":{\"@id\":\"https:\\\/\\\/www.nemonic.es\\\/en\\\/#website\"},\"primaryImageOfPage\":{\"@id\":\"https:\\\/\\\/www.nemonic.es\\\/en\\\/producto\\\/kansas-2381-glitter-hielo-tejano-azul\\\/#primaryimage\"},\"image\":{\"@id\":\"https:\\\/\\\/www.nemonic.es\\\/en\\\/producto\\\/kansas-2381-glitter-hielo-tejano-azul\\\/#primaryimage\"},\"thumbnailUrl\":\"https:\\\/\\\/www.nemonic.es\\\/wp-content\\\/uploads\\\/2024\\\/06\\\/ATLANTA-2399-SALVAJE-NEGRO-HIELO.jpg\",\"datePublished\":\"2024-06-05T09:53:39+00:00\",\"dateModified\":\"2024-06-27T11:41:58+00:00\",\"description\":\"Bota Cowboy de Mujer de ca\u00f1a alta en piel metalizada y tejido denim. Piso con tac\u00f3n de 5 cm\",\"breadcrumb\":{\"@id\":\"https:\\\/\\\/www.nemonic.es\\\/en\\\/producto\\\/kansas-2381-glitter-hielo-tejano-azul\\\/#breadcrumb\"},\"inLanguage\":\"en-US\",\"potentialAction\":[{\"@type\":\"ReadAction\",\"target\":[\"https:\\\/\\\/www.nemonic.es\\\/en\\\/producto\\\/kansas-2381-glitter-hielo-tejano-azul\\\/\"]}]},{\"@type\":\"ImageObject\",\"inLanguage\":\"en-US\",\"@id\":\"https:\\\/\\\/www.nemonic.es\\\/en\\\/producto\\\/kansas-2381-glitter-hielo-tejano-azul\\\/#primaryimage\",\"url\":\"https:\\\/\\\/www.nemonic.es\\\/wp-content\\\/uploads\\\/2024\\\/06\\\/ATLANTA-2399-SALVAJE-NEGRO-HIELO.jpg\",\"contentUrl\":\"https:\\\/\\\/www.nemonic.es\\\/wp-content\\\/uploads\\\/2024\\\/06\\\/ATLANTA-2399-SALVAJE-NEGRO-HIELO.jpg\",\"width\":1000,\"height\":1000},{\"@type\":\"BreadcrumbList\",\"@id\":\"https:\\\/\\\/www.nemonic.es\\\/en\\\/producto\\\/kansas-2381-glitter-hielo-tejano-azul\\\/#breadcrumb\",\"itemListElement\":[{\"@type\":\"ListItem\",\"position\":1,\"name\":\"Portada\",\"item\":\"https:\\\/\\\/www.nemonic.es\\\/en\\\/\"},{\"@type\":\"ListItem\",\"position\":2,\"name\":\"Shop\",\"item\":\"https:\\\/\\\/www.nemonic.es\\\/shop\\\/\"},{\"@type\":\"ListItem\",\"position\":3,\"name\":\"KANSAS 2381 GLITTER HIELO TEJANO AZUL\"}]},{\"@type\":\"WebSite\",\"@id\":\"https:\\\/\\\/www.nemonic.es\\\/en\\\/#website\",\"url\":\"https:\\\/\\\/www.nemonic.es\\\/en\\\/\",\"name\":\"www.nemonic.es\",\"description\":\"Calzado de dise\u00f1o y vanguardia\",\"publisher\":{\"@id\":\"https:\\\/\\\/www.nemonic.es\\\/en\\\/#organization\"},\"potentialAction\":[{\"@type\":\"SearchAction\",\"target\":{\"@type\":\"EntryPoint\",\"urlTemplate\":\"https:\\\/\\\/www.nemonic.es\\\/en\\\/?s={search_term_string}\"},\"query-input\":{\"@type\":\"PropertyValueSpecification\",\"valueRequired\":true,\"valueName\":\"search_term_string\"}}],\"inLanguage\":\"en-US\"},{\"@type\":\"Organization\",\"@id\":\"https:\\\/\\\/www.nemonic.es\\\/en\\\/#organization\",\"name\":\"Nemonic\",\"url\":\"https:\\\/\\\/www.nemonic.es\\\/en\\\/\",\"logo\":{\"@type\":\"ImageObject\",\"inLanguage\":\"en-US\",\"@id\":\"https:\\\/\\\/www.nemonic.es\\\/en\\\/#\\\/schema\\\/logo\\\/image\\\/\",\"url\":\"https:\\\/\\\/www.nemonic.es\\\/wp-content\\\/uploads\\\/2024\\\/11\\\/logo_marron.jpg\",\"contentUrl\":\"https:\\\/\\\/www.nemonic.es\\\/wp-content\\\/uploads\\\/2024\\\/11\\\/logo_marron.jpg\",\"width\":850,\"height\":157,\"caption\":\"Nemonic\"},\"image\":{\"@id\":\"https:\\\/\\\/www.nemonic.es\\\/en\\\/#\\\/schema\\\/logo\\\/image\\\/\"},\"sameAs\":[\"https:\\\/\\\/facebook.com\\\/nemonicshoes\",\"https:\\\/\\\/instagram.com\\\/nemonic_shoes\"]}]}<\/script>\n<!-- \/ Yoast SEO plugin. -->","yoast_head_json":{"title":"KANSAS 2381 GLITTER HIELO TEJANO AZUL - Nemonic","description":"Bota Cowboy de Mujer de ca\u00f1a alta en piel metalizada y tejido denim. Piso con tac\u00f3n de 5 cm","robots":{"index":"index","follow":"follow","max-snippet":"max-snippet:-1","max-image-preview":"max-image-preview:large","max-video-preview":"max-video-preview:-1"},"canonical":"https:\/\/www.nemonic.es\/en\/producto\/kansas-2381-glitter-hielo-tejano-azul\/","og_locale":"en_US","og_type":"article","og_title":"KANSAS 2381 GLITTER HIELO TEJANO AZUL - Nemonic","og_description":"Bota Cowboy de Mujer de ca\u00f1a alta en piel metalizada y tejido denim. Piso con tac\u00f3n de 5 cm","og_url":"https:\/\/www.nemonic.es\/en\/producto\/kansas-2381-glitter-hielo-tejano-azul\/","og_site_name":"Nemonic","article_publisher":"https:\/\/facebook.com\/nemonicshoes","article_modified_time":"2024-06-27T11:41:58+00:00","og_image":[{"url":"https:\/\/www.nemonic.es\/wp-content\/uploads\/2024\/05\/14-200x300.jpg","type":"","width":"","height":""}],"twitter_card":"summary_large_image","twitter_misc":{"Est. reading time":"1 minute"},"schema":{"@context":"https:\/\/schema.org","@graph":[{"@type":"WebPage","@id":"https:\/\/www.nemonic.es\/en\/producto\/kansas-2381-glitter-hielo-tejano-azul\/","url":"https:\/\/www.nemonic.es\/en\/producto\/kansas-2381-glitter-hielo-tejano-azul\/","name":"KANSAS 2381 GLITTER HIELO TEJANO AZUL - Nemonic","isPartOf":{"@id":"https:\/\/www.nemonic.es\/en\/#website"},"primaryImageOfPage":{"@id":"https:\/\/www.nemonic.es\/en\/producto\/kansas-2381-glitter-hielo-tejano-azul\/#primaryimage"},"image":{"@id":"https:\/\/www.nemonic.es\/en\/producto\/kansas-2381-glitter-hielo-tejano-azul\/#primaryimage"},"thumbnailUrl":"https:\/\/www.nemonic.es\/wp-content\/uploads\/2024\/06\/ATLANTA-2399-SALVAJE-NEGRO-HIELO.jpg","datePublished":"2024-06-05T09:53:39+00:00","dateModified":"2024-06-27T11:41:58+00:00","description":"Bota Cowboy de Mujer de ca\u00f1a alta en piel metalizada y tejido denim. Piso con tac\u00f3n de 5 cm","breadcrumb":{"@id":"https:\/\/www.nemonic.es\/en\/producto\/kansas-2381-glitter-hielo-tejano-azul\/#breadcrumb"},"inLanguage":"en-US","potentialAction":[{"@type":"ReadAction","target":["https:\/\/www.nemonic.es\/en\/producto\/kansas-2381-glitter-hielo-tejano-azul\/"]}]},{"@type":"ImageObject","inLanguage":"en-US","@id":"https:\/\/www.nemonic.es\/en\/producto\/kansas-2381-glitter-hielo-tejano-azul\/#primaryimage","url":"https:\/\/www.nemonic.es\/wp-content\/uploads\/2024\/06\/ATLANTA-2399-SALVAJE-NEGRO-HIELO.jpg","contentUrl":"https:\/\/www.nemonic.es\/wp-content\/uploads\/2024\/06\/ATLANTA-2399-SALVAJE-NEGRO-HIELO.jpg","width":1000,"height":1000},{"@type":"BreadcrumbList","@id":"https:\/\/www.nemonic.es\/en\/producto\/kansas-2381-glitter-hielo-tejano-azul\/#breadcrumb","itemListElement":[{"@type":"ListItem","position":1,"name":"Portada","item":"https:\/\/www.nemonic.es\/en\/"},{"@type":"ListItem","position":2,"name":"Shop","item":"https:\/\/www.nemonic.es\/shop\/"},{"@type":"ListItem","position":3,"name":"KANSAS 2381 GLITTER HIELO TEJANO AZUL"}]},{"@type":"WebSite","@id":"https:\/\/www.nemonic.es\/en\/#website","url":"https:\/\/www.nemonic.es\/en\/","name":"www.nemonic.es","description":"Calzado de dise\u00f1o y vanguardia","publisher":{"@id":"https:\/\/www.nemonic.es\/en\/#organization"},"potentialAction":[{"@type":"SearchAction","target":{"@type":"EntryPoint","urlTemplate":"https:\/\/www.nemonic.es\/en\/?s={search_term_string}"},"query-input":{"@type":"PropertyValueSpecification","valueRequired":true,"valueName":"search_term_string"}}],"inLanguage":"en-US"},{"@type":"Organization","@id":"https:\/\/www.nemonic.es\/en\/#organization","name":"Nemonic","url":"https:\/\/www.nemonic.es\/en\/","logo":{"@type":"ImageObject","inLanguage":"en-US","@id":"https:\/\/www.nemonic.es\/en\/#\/schema\/logo\/image\/","url":"https:\/\/www.nemonic.es\/wp-content\/uploads\/2024\/11\/logo_marron.jpg","contentUrl":"https:\/\/www.nemonic.es\/wp-content\/uploads\/2024\/11\/logo_marron.jpg","width":850,"height":157,"caption":"Nemonic"},"image":{"@id":"https:\/\/www.nemonic.es\/en\/#\/schema\/logo\/image\/"},"sameAs":["https:\/\/facebook.com\/nemonicshoes","https:\/\/instagram.com\/nemonic_shoes"]}]}},"_links":{"self":[{"href":"https:\/\/www.nemonic.es\/en\/wp-json\/wp\/v2\/product\/10844","targetHints":{"allow":["GET"]}}],"collection":[{"href":"https:\/\/www.nemonic.es\/en\/wp-json\/wp\/v2\/product"}],"about":[{"href":"https:\/\/www.nemonic.es\/en\/wp-json\/wp\/v2\/types\/product"}],"wp:featuredmedia":[{"embeddable":true,"href":"https:\/\/www.nemonic.es\/en\/wp-json\/wp\/v2\/media\/11209"}],"wp:attachment":[{"href":"https:\/\/www.nemonic.es\/en\/wp-json\/wp\/v2\/media?parent=10844"}],"wp:term":[{"taxonomy":"product_brand","embeddable":true,"href":"https:\/\/www.nemonic.es\/en\/wp-json\/wp\/v2\/product_brand?post=10844"},{"taxonomy":"product_cat","embeddable":true,"href":"https:\/\/www.nemonic.es\/en\/wp-json\/wp\/v2\/product_cat?post=10844"},{"taxonomy":"product_tag","embeddable":true,"href":"https:\/\/www.nemonic.es\/en\/wp-json\/wp\/v2\/product_tag?post=10844"}],"curies":[{"name":"wp","href":"https:\/\/api.w.org\/{rel}","templated":true}]}}